{"id":1780,"date":"2023-09-20T10:27:55","date_gmt":"2023-09-20T10:27:55","guid":{"rendered":"https:\/\/sarahguetta.com\/?page_id=1780"},"modified":"2023-09-20T10:42:25","modified_gmt":"2023-09-20T10:42:25","slug":"mentions-legales","status":"publish","type":"page","link":"https:\/\/sarahguetta.com\/en\/mentions-legales","title":{"rendered":"Legal Notice"},"content":{"rendered":"<div data-elementor-type=\"wp-page\" data-elementor-id=\"1780\" class=\"elementor elementor-1780\">\n\t\t\t\t\t\t<section class=\"elementor-section elementor-top-section elementor-element elementor-element-9ff3d62 elementor-section-height-min-height elementor-section-boxed elementor-section-height-default elementor-section-items-middle\" data-id=\"9ff3d62\" data-element_type=\"section\" data-e-type=\"section\" data-settings=\"{&quot;background_background&quot;:&quot;classic&quot;}\">\n\t\t\t\t\t\t<div class=\"elementor-container elementor-column-gap-default\">\n\t\t\t\t\t<div class=\"elementor-column elementor-col-100 elementor-top-column elementor-element elementor-element-cb1605b\" data-id=\"cb1605b\" data-element_type=\"column\" data-e-type=\"column\">\n\t\t\t<div class=\"elementor-widget-wrap elementor-element-populated\">\n\t\t\t\t\t\t<div class=\"elementor-element elementor-element-eeae427 elementor-widget elementor-widget-heading\" data-id=\"eeae427\" data-element_type=\"widget\" data-e-type=\"widget\" data-widget_type=\"heading.default\">\n\t\t\t\t<div class=\"elementor-widget-container\">\n\t\t\t\t\t<h4 class=\"elementor-heading-title elementor-size-default\">MENTIONS LEGALES<\/h4>\t\t\t\t<\/div>\n\t\t\t\t<\/div>\n\t\t\t\t\t<\/div>\n\t\t<\/div>\n\t\t\t\t\t<\/div>\n\t\t<\/section>\n\t\t\t\t<section class=\"elementor-section elementor-top-section elementor-element elementor-element-2f6847fb elementor-section-content-middle elementor-section-boxed elementor-section-height-default elementor-section-height-default\" data-id=\"2f6847fb\" data-element_type=\"section\" data-e-type=\"section\">\n\t\t\t\t\t\t<div class=\"elementor-container elementor-column-gap-no\">\n\t\t\t\t\t<div class=\"elementor-column elementor-col-50 elementor-top-column elementor-element elementor-element-4d940881\" data-id=\"4d940881\" data-element_type=\"column\" data-e-type=\"column\">\n\t\t\t<div class=\"elementor-widget-wrap elementor-element-populated\">\n\t\t\t\t\t\t<div class=\"elementor-element elementor-element-4b2ae446 elementor-widget-divider--view-line elementor-widget elementor-widget-divider\" data-id=\"4b2ae446\" data-element_type=\"widget\" data-e-type=\"widget\" data-widget_type=\"divider.default\">\n\t\t\t\t<div class=\"elementor-widget-container\">\n\t\t\t\t\t\t\t<div class=\"elementor-divider\">\n\t\t\t<span class=\"elementor-divider-separator\">\n\t\t\t\t\t\t<\/span>\n\t\t<\/div>\n\t\t\t\t\t\t<\/div>\n\t\t\t\t<\/div>\n\t\t\t\t<div class=\"elementor-element elementor-element-3a29aaa elementor-widget elementor-widget-heading\" data-id=\"3a29aaa\" data-element_type=\"widget\" data-e-type=\"widget\" data-widget_type=\"heading.default\">\n\t\t\t\t<div class=\"elementor-widget-container\">\n\t\t\t\t\t<h2 class=\"elementor-heading-title elementor-size-default\">HAIRCARE by SARAH GUETTA<br>25-27 rue Tronchet<br>75008 Paris<\/h2>\t\t\t\t<\/div>\n\t\t\t\t<\/div>\n\t\t\t\t\t<\/div>\n\t\t<\/div>\n\t\t\t\t<div class=\"elementor-column elementor-col-50 elementor-top-column elementor-element elementor-element-73561332\" data-id=\"73561332\" data-element_type=\"column\" data-e-type=\"column\">\n\t\t\t<div class=\"elementor-widget-wrap elementor-element-populated\">\n\t\t\t\t\t\t<div class=\"elementor-element elementor-element-71d8f6d1 elementor-widget elementor-widget-text-editor\" data-id=\"71d8f6d1\" data-element_type=\"widget\" data-e-type=\"widget\" data-widget_type=\"text-editor.default\">\n\t\t\t\t<div class=\"elementor-widget-container\">\n\t\t\t\t\t\t\t\t\t<p><span style=\"color: var( --e-global-color-primary ); font-family: var( --e-global-typography-accent-font-family ), Sans-serif; font-weight: var( --e-global-typography-accent-font-weight ); font-size: 1rem;\"><u>\u00c9diteur du site<br><\/u><\/span><span style=\"color: var( --e-global-color-primary ); font-family: var( --e-global-typography-accent-font-family ), Sans-serif; font-weight: var( --e-global-typography-accent-font-weight ); font-size: 1rem;\">Le site SARAHGUETTA.COM est \u00e9dit\u00e9 par la SASU \u00ab\u00a0HAIRCARE by SARAH GUETTA\u00a0\u00bb, immatricul\u00e9e au Registre du Commerce et des Soci\u00e9t\u00e9s sous le num\u00e9ro SIRET 95355815200013, et dont le si\u00e8ge social est situ\u00e9 au 25-27 rue Tronchet, 75008 Paris, France.<\/span><\/p>\n<p>Contact :&nbsp;<span style=\"color: var( --e-global-color-primary ); font-family: var( --e-global-typography-accent-font-family ), Sans-serif; font-weight: var( --e-global-typography-accent-font-weight ); font-size: 1rem;\">saraguetta@gmail.com<\/span><\/p>\n<p><u>Directeur de la publication<br><\/u><span style=\"color: var( --e-global-color-primary ); font-family: var( --e-global-typography-accent-font-family ), Sans-serif; font-weight: var( --e-global-typography-accent-font-weight ); font-size: 1rem;\">Mme Sarah Guetta, en tant que repr\u00e9sentante l\u00e9gale de la SASU \u00ab\u00a0HAIRCARE by SARAH GUETTA\u00a0\u00bb, est la Directrice de la publication de ce site web.<\/span><\/p>\n<p><u>H\u00e9bergement du site<br><\/u>Le site est h\u00e9berg\u00e9 par IONOS.FR, dont le si\u00e8ge social est situ\u00e9 \u00e0&nbsp;<br><b style=\"color: #202124; font-family: arial, sans-serif; font-size: 14px;\">7 Pl. de la Gare, 57200 Sarreguemines<\/b><\/p>\n<p><u>Propri\u00e9t\u00e9 intellectuelle<br><\/u><span style=\"color: var( --e-global-color-primary ); font-family: var( --e-global-typography-accent-font-family ), Sans-serif; font-weight: var( --e-global-typography-accent-font-weight ); font-size: 1rem;\">L\u2019ensemble des \u00e9l\u00e9ments composant le site SARAHGUETTA.COM, y compris mais non limit\u00e9 au texte, aux images, aux graphiques, aux logos, est la propri\u00e9t\u00e9 exclusive de la SASU \u00ab\u00a0HAIRCARE by SARAH GUETTA\u00a0\u00bb ou des tiers qui lui ont accord\u00e9 une licence. Toute reproduction, repr\u00e9sentation ou diffusion, en tout ou partie, du contenu du site sur quelque support ou par tout proc\u00e9d\u00e9 que ce soit est interdite, sauf autorisation pr\u00e9alable \u00e9crite de la SASU \u00ab\u00a0HAIRCARE by SARAH GUETTA\u00a0\u00bb.<\/span><\/p>\n<p><u>Conditions g\u00e9n\u00e9rales d\u2019utilisation<br><\/u><span style=\"color: var( --e-global-color-primary ); font-family: var( --e-global-typography-accent-font-family ), Sans-serif; font-weight: var( --e-global-typography-accent-font-weight ); font-size: 1rem;\">L\u2019utilisation du site SARAHGUETTA.COM est soumise aux pr\u00e9sentes conditions g\u00e9n\u00e9rales d\u2019utilisation. En acc\u00e9dant \u00e0 ce site, vous confirmez avoir pris connaissance de ces conditions et les accepter.<\/span><\/p>\n<p><u>Responsabilit\u00e9<br><\/u><span style=\"color: var( --e-global-color-primary ); font-family: var( --e-global-typography-accent-font-family ), Sans-serif; font-size: 1rem; font-weight: var( --e-global-typography-accent-font-weight );\">La SASU \u00ab\u00a0HAIRCARE by SARAH GUETTA\u00a0\u00bb met tout en \u0153uvre pour fournir des informations fiables sur son site web, mais ne saurait \u00eatre tenue responsable d\u2019erreurs, d\u2019omissions ou des r\u00e9sultats qui pourraient \u00eatre obtenus par l\u2019usage de ces informations.<\/span><\/p>\n<p><u>Donn\u00e9es personnelles<br><\/u><span style=\"color: var( --e-global-color-primary ); font-family: var( --e-global-typography-accent-font-family ), Sans-serif; font-weight: var( --e-global-typography-accent-font-weight ); font-size: 1rem;\">Pour tout savoir sur la gestion des donn\u00e9es personnelles, consultez notre politique de confidentialit\u00e9.<\/span><\/p>\n<p>.<\/p>\t\t\t\t\t\t\t\t<\/div>\n\t\t\t\t<\/div>\n\t\t\t\t\t<\/div>\n\t\t<\/div>\n\t\t\t\t\t<\/div>\n\t\t<\/section>\n\t\t\t\t<\/div>","protected":false},"excerpt":{"rendered":"<p>MENTIONS LEGALES HAIRCARE by SARAH GUETTA25-27 rue Tronchet75008 Paris \u00c9diteur du siteLe site SARAHGUETTA.COM est \u00e9dit\u00e9 par la SASU \u00ab\u00a0HAIRCARE by SARAH GUETTA\u00a0\u00bb, immatricul\u00e9e au Registre du Commerce et des Soci\u00e9t\u00e9s sous le num\u00e9ro SIRET 95355815200013, et dont le si\u00e8ge social est situ\u00e9 au 25-27 rue Tronchet, 75008 Paris, France. Contact :&nbsp;saraguetta@gmail.com Directeur de la [&hellip;]<\/p>\n","protected":false},"author":1,"featured_media":0,"parent":0,"menu_order":0,"comment_status":"closed","ping_status":"closed","template":"","meta":{"_monsterinsights_skip_tracking":false,"_monsterinsights_sitenote_active":false,"_monsterinsights_sitenote_note":"","_monsterinsights_sitenote_category":0,"_themeisle_gutenberg_block_has_review":false,"footnotes":""},"class_list":["post-1780","page","type-page","status-publish","hentry"],"yoast_head":"<!-- This site is optimized with the Yoast SEO plugin v27.4 - https:\/\/yoast.com\/product\/yoast-seo-wordpress\/ -->\n<title>Mentions Legales - Sarah Guetta<\/title>\n<meta name=\"robots\" content=\"index, follow, max-snippet:-1, max-image-preview:large, max-video-preview:-1\" \/>\n<link rel=\"canonical\" href=\"https:\/\/sarahguetta.com\/en\/mentions-legales\/\" \/>\n<meta property=\"og:locale\" content=\"en_US\" \/>\n<meta property=\"og:type\" content=\"article\" \/>\n<meta property=\"og:title\" content=\"Mentions Legales - Sarah Guetta\" \/>\n<meta property=\"og:description\" content=\"MENTIONS LEGALES HAIRCARE by SARAH GUETTA25-27 rue Tronchet75008 Paris \u00c9diteur du siteLe site SARAHGUETTA.COM est \u00e9dit\u00e9 par la SASU \u00ab\u00a0HAIRCARE by SARAH GUETTA\u00a0\u00bb, immatricul\u00e9e au Registre du Commerce et des Soci\u00e9t\u00e9s sous le num\u00e9ro SIRET 95355815200013, et dont le si\u00e8ge social est situ\u00e9 au 25-27 rue Tronchet, 75008 Paris, France. Contact :&nbsp;saraguetta@gmail.com Directeur de la [&hellip;]\" \/>\n<meta property=\"og:url\" content=\"https:\/\/sarahguetta.com\/en\/mentions-legales\/\" \/>\n<meta property=\"og:site_name\" content=\"Sarah Guetta\" \/>\n<meta property=\"article:modified_time\" content=\"2023-09-20T10:42:25+00:00\" \/>\n<meta name=\"twitter:card\" content=\"summary_large_image\" \/>\n<meta name=\"twitter:label1\" content=\"Est. reading time\" \/>\n\t<meta name=\"twitter:data1\" content=\"1 minute\" \/>\n<script type=\"application\/ld+json\" class=\"yoast-schema-graph\">{\"@context\":\"https:\\\/\\\/schema.org\",\"@graph\":[{\"@type\":\"WebPage\",\"@id\":\"https:\\\/\\\/sarahguetta.com\\\/mentions-legales\",\"url\":\"https:\\\/\\\/sarahguetta.com\\\/mentions-legales\",\"name\":\"Mentions Legales - Sarah Guetta\",\"isPartOf\":{\"@id\":\"https:\\\/\\\/sarahguetta.com\\\/#website\"},\"datePublished\":\"2023-09-20T10:27:55+00:00\",\"dateModified\":\"2023-09-20T10:42:25+00:00\",\"breadcrumb\":{\"@id\":\"https:\\\/\\\/sarahguetta.com\\\/mentions-legales#breadcrumb\"},\"inLanguage\":\"en-US\",\"potentialAction\":[{\"@type\":\"ReadAction\",\"target\":[\"https:\\\/\\\/sarahguetta.com\\\/mentions-legales\"]}]},{\"@type\":\"BreadcrumbList\",\"@id\":\"https:\\\/\\\/sarahguetta.com\\\/mentions-legales#breadcrumb\",\"itemListElement\":[{\"@type\":\"ListItem\",\"position\":1,\"name\":\"Home\",\"item\":\"https:\\\/\\\/sarahguetta.com\\\/\"},{\"@type\":\"ListItem\",\"position\":2,\"name\":\"Mentions Legales\"}]},{\"@type\":\"WebSite\",\"@id\":\"https:\\\/\\\/sarahguetta.com\\\/#website\",\"url\":\"https:\\\/\\\/sarahguetta.com\\\/\",\"name\":\"Sarah Guetta\",\"description\":\"\",\"publisher\":{\"@id\":\"https:\\\/\\\/sarahguetta.com\\\/#organization\"},\"potentialAction\":[{\"@type\":\"SearchAction\",\"target\":{\"@type\":\"EntryPoint\",\"urlTemplate\":\"https:\\\/\\\/sarahguetta.com\\\/?s={search_term_string}\"},\"query-input\":{\"@type\":\"PropertyValueSpecification\",\"valueRequired\":true,\"valueName\":\"search_term_string\"}}],\"inLanguage\":\"en-US\"},{\"@type\":\"Organization\",\"@id\":\"https:\\\/\\\/sarahguetta.com\\\/#organization\",\"name\":\"Sarah Guetta\",\"url\":\"https:\\\/\\\/sarahguetta.com\\\/\",\"logo\":{\"@type\":\"ImageObject\",\"inLanguage\":\"en-US\",\"@id\":\"https:\\\/\\\/sarahguetta.com\\\/#\\\/schema\\\/logo\\\/image\\\/\",\"url\":\"https:\\\/\\\/sarahguetta.com\\\/wp-content\\\/uploads\\\/2023\\\/08\\\/logo-SG.png\",\"contentUrl\":\"https:\\\/\\\/sarahguetta.com\\\/wp-content\\\/uploads\\\/2023\\\/08\\\/logo-SG.png\",\"width\":228,\"height\":50,\"caption\":\"Sarah Guetta\"},\"image\":{\"@id\":\"https:\\\/\\\/sarahguetta.com\\\/#\\\/schema\\\/logo\\\/image\\\/\"}}]}<\/script>\n<!-- \/ Yoast SEO plugin. -->","yoast_head_json":{"title":"Mentions Legales - Sarah Guetta","robots":{"index":"index","follow":"follow","max-snippet":"max-snippet:-1","max-image-preview":"max-image-preview:large","max-video-preview":"max-video-preview:-1"},"canonical":"https:\/\/sarahguetta.com\/en\/mentions-legales\/","og_locale":"en_US","og_type":"article","og_title":"Mentions Legales - Sarah Guetta","og_description":"MENTIONS LEGALES HAIRCARE by SARAH GUETTA25-27 rue Tronchet75008 Paris \u00c9diteur du siteLe site SARAHGUETTA.COM est \u00e9dit\u00e9 par la SASU \u00ab\u00a0HAIRCARE by SARAH GUETTA\u00a0\u00bb, immatricul\u00e9e au Registre du Commerce et des Soci\u00e9t\u00e9s sous le num\u00e9ro SIRET 95355815200013, et dont le si\u00e8ge social est situ\u00e9 au 25-27 rue Tronchet, 75008 Paris, France. Contact :&nbsp;saraguetta@gmail.com Directeur de la [&hellip;]","og_url":"https:\/\/sarahguetta.com\/en\/mentions-legales\/","og_site_name":"Sarah Guetta","article_modified_time":"2023-09-20T10:42:25+00:00","twitter_card":"summary_large_image","twitter_misc":{"Est. reading time":"1 minute"},"schema":{"@context":"https:\/\/schema.org","@graph":[{"@type":"WebPage","@id":"https:\/\/sarahguetta.com\/mentions-legales","url":"https:\/\/sarahguetta.com\/mentions-legales","name":"Mentions Legales - Sarah Guetta","isPartOf":{"@id":"https:\/\/sarahguetta.com\/#website"},"datePublished":"2023-09-20T10:27:55+00:00","dateModified":"2023-09-20T10:42:25+00:00","breadcrumb":{"@id":"https:\/\/sarahguetta.com\/mentions-legales#breadcrumb"},"inLanguage":"en-US","potentialAction":[{"@type":"ReadAction","target":["https:\/\/sarahguetta.com\/mentions-legales"]}]},{"@type":"BreadcrumbList","@id":"https:\/\/sarahguetta.com\/mentions-legales#breadcrumb","itemListElement":[{"@type":"ListItem","position":1,"name":"Home","item":"https:\/\/sarahguetta.com\/"},{"@type":"ListItem","position":2,"name":"Mentions Legales"}]},{"@type":"WebSite","@id":"https:\/\/sarahguetta.com\/#website","url":"https:\/\/sarahguetta.com\/","name":"Sarah Guetta","description":"","publisher":{"@id":"https:\/\/sarahguetta.com\/#organization"},"potentialAction":[{"@type":"SearchAction","target":{"@type":"EntryPoint","urlTemplate":"https:\/\/sarahguetta.com\/?s={search_term_string}"},"query-input":{"@type":"PropertyValueSpecification","valueRequired":true,"valueName":"search_term_string"}}],"inLanguage":"en-US"},{"@type":"Organization","@id":"https:\/\/sarahguetta.com\/#organization","name":"Sarah Guetta","url":"https:\/\/sarahguetta.com\/","logo":{"@type":"ImageObject","inLanguage":"en-US","@id":"https:\/\/sarahguetta.com\/#\/schema\/logo\/image\/","url":"https:\/\/sarahguetta.com\/wp-content\/uploads\/2023\/08\/logo-SG.png","contentUrl":"https:\/\/sarahguetta.com\/wp-content\/uploads\/2023\/08\/logo-SG.png","width":228,"height":50,"caption":"Sarah Guetta"},"image":{"@id":"https:\/\/sarahguetta.com\/#\/schema\/logo\/image\/"}}]}},"_links":{"self":[{"href":"https:\/\/sarahguetta.com\/en\/wp-json\/wp\/v2\/pages\/1780","targetHints":{"allow":["GET"]}}],"collection":[{"href":"https:\/\/sarahguetta.com\/en\/wp-json\/wp\/v2\/pages"}],"about":[{"href":"https:\/\/sarahguetta.com\/en\/wp-json\/wp\/v2\/types\/page"}],"author":[{"embeddable":true,"href":"https:\/\/sarahguetta.com\/en\/wp-json\/wp\/v2\/users\/1"}],"replies":[{"embeddable":true,"href":"https:\/\/sarahguetta.com\/en\/wp-json\/wp\/v2\/comments?post=1780"}],"version-history":[{"count":7,"href":"https:\/\/sarahguetta.com\/en\/wp-json\/wp\/v2\/pages\/1780\/revisions"}],"predecessor-version":[{"id":1793,"href":"https:\/\/sarahguetta.com\/en\/wp-json\/wp\/v2\/pages\/1780\/revisions\/1793"}],"wp:attachment":[{"href":"https:\/\/sarahguetta.com\/en\/wp-json\/wp\/v2\/media?parent=1780"}],"curies":[{"name":"wp","href":"https:\/\/api.w.org\/{rel}","templated":true}]}}