{"id":2372,"date":"2023-08-24T15:15:29","date_gmt":"2023-08-24T15:15:29","guid":{"rendered":"https:\/\/sarahguetta.com\/?page_id=2372"},"modified":"2025-06-25T09:55:21","modified_gmt":"2025-06-25T09:55:21","slug":"shampoo-chantilly","status":"publish","type":"page","link":"https:\/\/sarahguetta.com\/en\/shampoo-chantilly","title":{"rendered":"Shampoo Chantilly"},"content":{"rendered":"<div data-elementor-type=\"wp-page\" data-elementor-id=\"2372\" class=\"elementor elementor-2372\">\n\t\t\t\t\t\t<section class=\"elementor-section elementor-top-section elementor-element elementor-element-2c6984e elementor-section-content-top elementor-section-boxed elementor-section-height-default elementor-section-height-default\" data-id=\"2c6984e\" data-element_type=\"section\" data-e-type=\"section\">\n\t\t\t\t\t\t<div class=\"elementor-container elementor-column-gap-extended\">\n\t\t\t\t\t<div class=\"elementor-column elementor-col-50 elementor-top-column elementor-element elementor-element-6d0ffaf\" data-id=\"6d0ffaf\" data-element_type=\"column\" data-e-type=\"column\" data-settings=\"{&quot;background_background&quot;:&quot;classic&quot;}\">\n\t\t\t<div class=\"elementor-widget-wrap\">\n\t\t\t\t\t\t\t<\/div>\n\t\t<\/div>\n\t\t\t\t<div class=\"elementor-column elementor-col-50 elementor-top-column elementor-element elementor-element-2382fbb\" data-id=\"2382fbb\" data-element_type=\"column\" data-e-type=\"column\">\n\t\t\t<div class=\"elementor-widget-wrap elementor-element-populated\">\n\t\t\t\t\t\t<div class=\"elementor-element elementor-element-c549cce elementor-widget elementor-widget-heading\" data-id=\"c549cce\" data-element_type=\"widget\" data-e-type=\"widget\" data-widget_type=\"heading.default\">\n\t\t\t\t<div class=\"elementor-widget-container\">\n\t\t\t\t\t<h1 class=\"elementor-heading-title elementor-size-default\">SHAMPOO CHANTILLY<\/h1>\t\t\t\t<\/div>\n\t\t\t\t<\/div>\n\t\t\t\t<div class=\"elementor-element elementor-element-fd2051e elementor-align-left elementor-widget__width-initial elementor-widget elementor-widget-button\" data-id=\"fd2051e\" data-element_type=\"widget\" data-e-type=\"widget\" data-widget_type=\"button.default\">\n\t\t\t\t<div class=\"elementor-widget-container\">\n\t\t\t\t\t\t\t\t\t<div class=\"elementor-button-wrapper\">\n\t\t\t\t\t<a class=\"elementor-button elementor-button-link elementor-size-sm\" href=\"https:\/\/sarahguetta.bigcartel.com\/product\/shampoo-chantilly\" target=\"_blank\">\n\t\t\t\t\t\t<span class=\"elementor-button-content-wrapper\">\n\t\t\t\t\t\t\t\t\t<span class=\"elementor-button-text\">Buy<\/span>\n\t\t\t\t\t<\/span>\n\t\t\t\t\t<\/a>\n\t\t\t\t<\/div>\n\t\t\t\t\t\t\t\t<\/div>\n\t\t\t\t<\/div>\n\t\t\t\t<div class=\"elementor-element elementor-element-6830e76 elementor-widget__width-initial elementor-widget elementor-widget-text-editor\" data-id=\"6830e76\" data-element_type=\"widget\" data-e-type=\"widget\" data-widget_type=\"text-editor.default\">\n\t\t\t\t<div class=\"elementor-widget-container\">\n\t\t\t\t\t\t\t\t\t<p>Discover our repairing shampoo with a lightweight texture, specially formulated to cleanse, nourish, and deeply hydrate your hair.&nbsp;<\/p>\n<p><span style=\"color: var( --e-global-color-primary );\">This unique product will delight you with its exceptional sensation of softness and lightness. Easy to apply on wet hair, it leaves a delicate orange blossom fragrance, transporting you to a true pleasure garden. A real luxury treatment for your hair, combining efficiency and sensory pleasure.<\/span><br><\/p>\n<h2>4 reasons to use this product:<\/h2>\n<div>\n<div data-message-author-role=\"assistant\" data-message-id=\"1383e83a-9f4c-426f-a4b2-cd016a5f3a1a\">\n<div>\n<ul>\n<li class=\"translation-block\"><strong> Gentle Cleansing :<\/strong> Formulated to remove impurities without harshly affecting the scalp, thus preserving the natural balance of your hair.<\/li>\n<li><strong>Enhances Hair Hydration:<\/strong> Enriched with moisturizing agents, this product boosts your hair's hydration level, making it more supple and resilient.<\/li>\n<li><strong><b>Softens and Nourishes Hair:<\/b> Contains essential nutrients that deeply nourish, leaving hair soft to the touch and easy to detangle.<\/strong> Contient des nutriments essentiels qui nourrissent en profondeur, laissant les cheveux doux au toucher et faciles \u00e0 d\u00e9m\u00ealer.<\/li>\n<li><strong>Eases Styling:<\/strong> Thanks to its unique formula, it ideally prepares hair for styling, reducing the time needed and enhancing the final outcome.<\/li>\n<\/ul>\n<\/div>\n<\/div>\n<\/div>\t\t\t\t\t\t\t\t<\/div>\n\t\t\t\t<\/div>\n\t\t\t\t<div class=\"elementor-element elementor-element-fa7d351 elementor-widget elementor-widget-heading\" data-id=\"fa7d351\" data-element_type=\"widget\" data-e-type=\"widget\" data-widget_type=\"heading.default\">\n\t\t\t\t<div class=\"elementor-widget-container\">\n\t\t\t\t\t<h2 class=\"elementor-heading-title elementor-size-default\">250 ml - Vegan - Made in France<\/h2>\t\t\t\t<\/div>\n\t\t\t\t<\/div>\n\t\t\t\t\t<\/div>\n\t\t<\/div>\n\t\t\t\t\t<\/div>\n\t\t<\/section>\n\t\t\t\t<section class=\"elementor-section elementor-top-section elementor-element elementor-element-6728bc8c elementor-section-boxed elementor-section-height-default elementor-section-height-default\" data-id=\"6728bc8c\" data-element_type=\"section\" data-e-type=\"section\">\n\t\t\t\t\t\t<div class=\"elementor-container elementor-column-gap-default\">\n\t\t\t\t\t<div class=\"elementor-column elementor-col-100 elementor-top-column elementor-element elementor-element-1143f844\" data-id=\"1143f844\" data-element_type=\"column\" data-e-type=\"column\">\n\t\t\t<div class=\"elementor-widget-wrap elementor-element-populated\">\n\t\t\t\t\t\t<div class=\"elementor-element elementor-element-56e0f72b elementor-tabs-view-horizontal elementor-widget elementor-widget-tabs\" data-id=\"56e0f72b\" data-element_type=\"widget\" data-e-type=\"widget\" data-widget_type=\"tabs.default\">\n\t\t\t\t<div class=\"elementor-widget-container\">\n\t\t\t\t\t\t\t<div class=\"elementor-tabs\">\n\t\t\t<div class=\"elementor-tabs-wrapper\" role=\"tablist\" >\n\t\t\t\t\t\t\t\t\t<div id=\"elementor-tab-title-1451\" class=\"elementor-tab-title elementor-tab-desktop-title\" aria-selected=\"true\" data-tab=\"1\" role=\"tab\" tabindex=\"0\" aria-controls=\"elementor-tab-content-1451\" aria-expanded=\"false\">INSTRUCTIONS FOR USE<\/div>\n\t\t\t\t\t\t\t\t\t<div id=\"elementor-tab-title-1452\" class=\"elementor-tab-title elementor-tab-desktop-title\" aria-selected=\"false\" data-tab=\"2\" role=\"tab\" tabindex=\"-1\" aria-controls=\"elementor-tab-content-1452\" aria-expanded=\"false\">PROPERTIES<\/div>\n\t\t\t\t\t\t\t\t\t<div id=\"elementor-tab-title-1453\" class=\"elementor-tab-title elementor-tab-desktop-title\" aria-selected=\"false\" data-tab=\"3\" role=\"tab\" tabindex=\"-1\" aria-controls=\"elementor-tab-content-1453\" aria-expanded=\"false\">COMPOSITION<\/div>\n\t\t\t\t\t\t\t<\/div>\n\t\t\t<div class=\"elementor-tabs-content-wrapper\" role=\"tablist\" aria-orientation=\"vertical\">\n\t\t\t\t\t\t\t\t\t<div class=\"elementor-tab-title elementor-tab-mobile-title\" aria-selected=\"true\" data-tab=\"1\" role=\"tab\" tabindex=\"0\" aria-controls=\"elementor-tab-content-1451\" aria-expanded=\"false\">INSTRUCTIONS FOR USE<\/div>\n\t\t\t\t\t<div id=\"elementor-tab-content-1451\" class=\"elementor-tab-content elementor-clearfix\" data-tab=\"1\" role=\"tabpanel\" aria-labelledby=\"elementor-tab-title-1451\" tabindex=\"0\" hidden=\"false\"><ol><li><strong>Lathers without excessive foam<\/strong> Apply the product and ensure not to create a large amount of foam when lathering.<\/li><li><strong>Gently massage<\/strong> Perform a gentle massage to evenly distribute the product and stimulate scalp blood circulation.<\/li><li><strong>Rinse thoroughly<\/strong> After massaging, thoroughly rinse your hair to remove the product, leaving your hair clean and ready for styling.<\/li><\/ol><\/div>\n\t\t\t\t\t\t\t\t\t<div class=\"elementor-tab-title elementor-tab-mobile-title\" aria-selected=\"false\" data-tab=\"2\" role=\"tab\" tabindex=\"-1\" aria-controls=\"elementor-tab-content-1452\" aria-expanded=\"false\">PROPERTIES<\/div>\n\t\t\t\t\t<div id=\"elementor-tab-content-1452\" class=\"elementor-tab-content elementor-clearfix\" data-tab=\"2\" role=\"tabpanel\" aria-labelledby=\"elementor-tab-title-1452\" tabindex=\"0\" hidden=\"hidden\"><p>This product provides an exceptional hair care experience by combining the following benefits:<\/p><ul><li>Gently cleanses your hair, preserving its health.<\/li><li>Enhances hair hydration, leaving your locks soft and supple.<\/li><li>Softens and deeply nourishes hair for radiant shine.<\/li><li>Eases styling, allowing you to create the perfect hairstyle in no time.<\/li><\/ul><\/div>\n\t\t\t\t\t\t\t\t\t<div class=\"elementor-tab-title elementor-tab-mobile-title\" aria-selected=\"false\" data-tab=\"3\" role=\"tab\" tabindex=\"-1\" aria-controls=\"elementor-tab-content-1453\" aria-expanded=\"false\">COMPOSITION<\/div>\n\t\t\t\t\t<div id=\"elementor-tab-content-1453\" class=\"elementor-tab-content elementor-clearfix\" data-tab=\"3\" role=\"tabpanel\" aria-labelledby=\"elementor-tab-title-1453\" tabindex=\"0\" hidden=\"hidden\"><p class=\"translation-block\">AQUA, COCAMIDOPROPYL BETAINE, SODIUM COCOYL ISETHIONATE, SODIUM METHYL OLEOYL TAURATE, CETEARYL ALCOHOL AND CETEARYL BETAINATE MESYLATE, CETYL ALCOHOL, RICINUS COMMUNIS OIL, STEARAMIDOPROPYL DIMETHYLAMINE, BUTYROSPERMUM PARKII (SHEA BUTTER), COCOS NUCIFERA (COCONUT) OIL, FRAGRANCE, CAPRYLHYDROXAMIC ACID, CAPRYLYL GLYCOL, GLYCERIN, D-LIMONENE, LINALOOL.  \n99.2% OF INGREDIENTS OF NATURAL ORIGIN, VEGAN AND NOT TESTED ON ANIMALS \u2013 Made in France - 250 ML<\/p><\/div>\n\t\t\t\t\t\t\t<\/div>\n\t\t<\/div>\n\t\t\t\t\t\t<\/div>\n\t\t\t\t<\/div>\n\t\t\t\t\t<\/div>\n\t\t<\/div>\n\t\t\t\t\t<\/div>\n\t\t<\/section>\n\t\t\t\t<section class=\"elementor-section elementor-top-section elementor-element elementor-element-39f7ead elementor-section-boxed elementor-section-height-default elementor-section-height-default\" data-id=\"39f7ead\" data-element_type=\"section\" data-e-type=\"section\">\n\t\t\t\t\t\t<div class=\"elementor-container elementor-column-gap-default\">\n\t\t\t\t\t<div class=\"elementor-column elementor-col-33 elementor-top-column elementor-element elementor-element-d7eed2c\" data-id=\"d7eed2c\" data-element_type=\"column\" data-e-type=\"column\" data-settings=\"{&quot;background_background&quot;:&quot;classic&quot;}\">\n\t\t\t<div class=\"elementor-widget-wrap elementor-element-populated\">\n\t\t\t\t\t<div class=\"elementor-background-overlay\"><\/div>\n\t\t\t\t\t\t<section class=\"elementor-section elementor-inner-section elementor-element elementor-element-b4ffb6b elementor-section-height-min-height elementor-section-content-middle elementor-section-boxed elementor-section-height-default\" data-id=\"b4ffb6b\" data-element_type=\"section\" data-e-type=\"section\">\n\t\t\t\t\t\t<div class=\"elementor-container elementor-column-gap-default\">\n\t\t\t\t\t<div class=\"elementor-column elementor-col-100 elementor-inner-column elementor-element elementor-element-d24e5d6\" data-id=\"d24e5d6\" data-element_type=\"column\" data-e-type=\"column\">\n\t\t\t<div class=\"elementor-widget-wrap elementor-element-populated\">\n\t\t\t\t\t\t<div class=\"elementor-element elementor-element-1a7fccf elementor-widget elementor-widget-heading\" data-id=\"1a7fccf\" data-element_type=\"widget\" data-e-type=\"widget\" data-widget_type=\"heading.default\">\n\t\t\t\t<div class=\"elementor-widget-container\">\n\t\t\t\t\t<h2 class=\"elementor-heading-title elementor-size-default\">No Shampoo<\/h2>\t\t\t\t<\/div>\n\t\t\t\t<\/div>\n\t\t\t\t<div class=\"elementor-element elementor-element-112771b elementor-widget elementor-widget-text-editor\" data-id=\"112771b\" data-element_type=\"widget\" data-e-type=\"widget\" data-widget_type=\"text-editor.default\">\n\t\t\t\t<div class=\"elementor-widget-container\">\n\t\t\t\t\t\t\t\t\t<p>39 \u20ac<\/p>\t\t\t\t\t\t\t\t<\/div>\n\t\t\t\t<\/div>\n\t\t\t\t<div class=\"elementor-element elementor-element-2fc4be4 elementor-align-center elementor-widget elementor-widget-button\" data-id=\"2fc4be4\" data-element_type=\"widget\" data-e-type=\"widget\" data-widget_type=\"button.default\">\n\t\t\t\t<div class=\"elementor-widget-container\">\n\t\t\t\t\t\t\t\t\t<div class=\"elementor-button-wrapper\">\n\t\t\t\t\t<a class=\"elementor-button elementor-button-link elementor-size-sm\" href=\"https:\/\/sarahguetta.com\/en\/no-shampoo\/\">\n\t\t\t\t\t\t<span class=\"elementor-button-content-wrapper\">\n\t\t\t\t\t\t\t\t\t<span class=\"elementor-button-text\">Discover<\/span>\n\t\t\t\t\t<\/span>\n\t\t\t\t\t<\/a>\n\t\t\t\t<\/div>\n\t\t\t\t\t\t\t\t<\/div>\n\t\t\t\t<\/div>\n\t\t\t\t<div class=\"elementor-element elementor-element-f580659 elementor-align-center elementor-widget elementor-widget-button\" data-id=\"f580659\" data-element_type=\"widget\" data-e-type=\"widget\" data-widget_type=\"button.default\">\n\t\t\t\t<div class=\"elementor-widget-container\">\n\t\t\t\t\t\t\t\t\t<div class=\"elementor-button-wrapper\">\n\t\t\t\t\t<a class=\"elementor-button elementor-button-link elementor-size-sm\" href=\"https:\/\/sarahguetta.bigcartel.com\/product\/tchiktchak\" target=\"_blank\">\n\t\t\t\t\t\t<span class=\"elementor-button-content-wrapper\">\n\t\t\t\t\t\t\t\t\t<span class=\"elementor-button-text\">BUY<\/span>\n\t\t\t\t\t<\/span>\n\t\t\t\t\t<\/a>\n\t\t\t\t<\/div>\n\t\t\t\t\t\t\t\t<\/div>\n\t\t\t\t<\/div>\n\t\t\t\t\t<\/div>\n\t\t<\/div>\n\t\t\t\t\t<\/div>\n\t\t<\/section>\n\t\t\t\t\t<\/div>\n\t\t<\/div>\n\t\t\t\t<div class=\"elementor-column elementor-col-33 elementor-top-column elementor-element elementor-element-43a9dc4\" data-id=\"43a9dc4\" data-element_type=\"column\" data-e-type=\"column\" data-settings=\"{&quot;background_background&quot;:&quot;classic&quot;}\">\n\t\t\t<div class=\"elementor-widget-wrap elementor-element-populated\">\n\t\t\t\t\t<div class=\"elementor-background-overlay\"><\/div>\n\t\t\t\t\t\t<section class=\"elementor-section elementor-inner-section elementor-element elementor-element-89dcf21 elementor-section-height-min-height elementor-section-content-middle elementor-section-boxed elementor-section-height-default\" data-id=\"89dcf21\" data-element_type=\"section\" data-e-type=\"section\">\n\t\t\t\t\t\t<div class=\"elementor-container elementor-column-gap-default\">\n\t\t\t\t\t<div class=\"elementor-column elementor-col-100 elementor-inner-column elementor-element elementor-element-ae7aaac\" data-id=\"ae7aaac\" data-element_type=\"column\" data-e-type=\"column\">\n\t\t\t<div class=\"elementor-widget-wrap elementor-element-populated\">\n\t\t\t\t\t\t<div class=\"elementor-element elementor-element-4f28d4d elementor-widget elementor-widget-heading\" data-id=\"4f28d4d\" data-element_type=\"widget\" data-e-type=\"widget\" data-widget_type=\"heading.default\">\n\t\t\t\t<div class=\"elementor-widget-container\">\n\t\t\t\t\t<h2 class=\"elementor-heading-title elementor-size-default\">Whipped Cream Mask<\/h2>\t\t\t\t<\/div>\n\t\t\t\t<\/div>\n\t\t\t\t<div class=\"elementor-element elementor-element-bf1a02b elementor-widget elementor-widget-text-editor\" data-id=\"bf1a02b\" data-element_type=\"widget\" data-e-type=\"widget\" data-widget_type=\"text-editor.default\">\n\t\t\t\t<div class=\"elementor-widget-container\">\n\t\t\t\t\t\t\t\t\t<p>29 \u20ac<\/p>\t\t\t\t\t\t\t\t<\/div>\n\t\t\t\t<\/div>\n\t\t\t\t<div class=\"elementor-element elementor-element-61b3ab2 elementor-align-center elementor-widget elementor-widget-button\" data-id=\"61b3ab2\" data-element_type=\"widget\" data-e-type=\"widget\" data-widget_type=\"button.default\">\n\t\t\t\t<div class=\"elementor-widget-container\">\n\t\t\t\t\t\t\t\t\t<div class=\"elementor-button-wrapper\">\n\t\t\t\t\t<a class=\"elementor-button elementor-button-link elementor-size-sm\" href=\"https:\/\/sarahguetta.com\/en\/masque-chantilly\/\">\n\t\t\t\t\t\t<span class=\"elementor-button-content-wrapper\">\n\t\t\t\t\t\t\t\t\t<span class=\"elementor-button-text\">Discover<\/span>\n\t\t\t\t\t<\/span>\n\t\t\t\t\t<\/a>\n\t\t\t\t<\/div>\n\t\t\t\t\t\t\t\t<\/div>\n\t\t\t\t<\/div>\n\t\t\t\t\t<\/div>\n\t\t<\/div>\n\t\t\t\t\t<\/div>\n\t\t<\/section>\n\t\t\t\t\t<\/div>\n\t\t<\/div>\n\t\t\t\t<div class=\"elementor-column elementor-col-33 elementor-top-column elementor-element elementor-element-627695a\" data-id=\"627695a\" data-element_type=\"column\" data-e-type=\"column\" data-settings=\"{&quot;background_background&quot;:&quot;classic&quot;}\">\n\t\t\t<div class=\"elementor-widget-wrap elementor-element-populated\">\n\t\t\t\t\t<div class=\"elementor-background-overlay\"><\/div>\n\t\t\t\t\t\t<section class=\"elementor-section elementor-inner-section elementor-element elementor-element-8534f66 elementor-section-height-min-height elementor-section-content-middle elementor-section-boxed elementor-section-height-default\" data-id=\"8534f66\" data-element_type=\"section\" data-e-type=\"section\">\n\t\t\t\t\t\t<div class=\"elementor-container elementor-column-gap-default\">\n\t\t\t\t\t<div class=\"elementor-column elementor-col-100 elementor-inner-column elementor-element elementor-element-c8bc005\" data-id=\"c8bc005\" data-element_type=\"column\" data-e-type=\"column\">\n\t\t\t<div class=\"elementor-widget-wrap elementor-element-populated\">\n\t\t\t\t\t\t<div class=\"elementor-element elementor-element-bc8645e elementor-widget elementor-widget-heading\" data-id=\"bc8645e\" data-element_type=\"widget\" data-e-type=\"widget\" data-widget_type=\"heading.default\">\n\t\t\t\t<div class=\"elementor-widget-container\">\n\t\t\t\t\t<h2 class=\"elementor-heading-title elementor-size-default\">Whipped Cream Serum<\/h2>\t\t\t\t<\/div>\n\t\t\t\t<\/div>\n\t\t\t\t<div class=\"elementor-element elementor-element-8ec0d1f elementor-widget elementor-widget-text-editor\" data-id=\"8ec0d1f\" data-element_type=\"widget\" data-e-type=\"widget\" data-widget_type=\"text-editor.default\">\n\t\t\t\t<div class=\"elementor-widget-container\">\n\t\t\t\t\t\t\t\t\t<p>35 \u20ac<\/p>\t\t\t\t\t\t\t\t<\/div>\n\t\t\t\t<\/div>\n\t\t\t\t<div class=\"elementor-element elementor-element-efde29b elementor-align-center elementor-widget elementor-widget-button\" data-id=\"efde29b\" data-element_type=\"widget\" data-e-type=\"widget\" data-widget_type=\"button.default\">\n\t\t\t\t<div class=\"elementor-widget-container\">\n\t\t\t\t\t\t\t\t\t<div class=\"elementor-button-wrapper\">\n\t\t\t\t\t<a class=\"elementor-button elementor-button-link elementor-size-sm\" href=\"https:\/\/sarahguetta.com\/en\/serum-chantilly\/\">\n\t\t\t\t\t\t<span class=\"elementor-button-content-wrapper\">\n\t\t\t\t\t\t\t\t\t<span class=\"elementor-button-text\">Discover<\/span>\n\t\t\t\t\t<\/span>\n\t\t\t\t\t<\/a>\n\t\t\t\t<\/div>\n\t\t\t\t\t\t\t\t<\/div>\n\t\t\t\t<\/div>\n\t\t\t\t\t<\/div>\n\t\t<\/div>\n\t\t\t\t\t<\/div>\n\t\t<\/section>\n\t\t\t\t\t<\/div>\n\t\t<\/div>\n\t\t\t\t\t<\/div>\n\t\t<\/section>\n\t\t\t\t<\/div>","protected":false},"excerpt":{"rendered":"<p>SHAMPOO CHANTILLY Acheter D\u00e9couvrez notre shampoing r\u00e9parateur \u00e0 la texture a\u00e9rienne, sp\u00e9cialement con\u00e7u pour nettoyer, nourrir, et hydrater vos cheveux en profondeur.&nbsp; Ce produit unique vous enchantera par sa sensation exceptionnelle de douceur et de l\u00e9g\u00e8ret\u00e9. Facile \u00e0 appliquer sur cheveux mouill\u00e9s, il laisse un d\u00e9licat parfum de fleur d&rsquo;oranger, vous transportant dans un v\u00e9ritable [&hellip;]<\/p>\n","protected":false},"author":1,"featured_media":0,"parent":0,"menu_order":0,"comment_status":"closed","ping_status":"closed","template":"","meta":{"_monsterinsights_skip_tracking":false,"_monsterinsights_sitenote_active":false,"_monsterinsights_sitenote_note":"","_monsterinsights_sitenote_category":0,"_themeisle_gutenberg_block_has_review":false,"footnotes":""},"class_list":["post-2372","page","type-page","status-publish","hentry"],"yoast_head":"<!-- This site is optimized with the Yoast SEO plugin v27.4 - https:\/\/yoast.com\/product\/yoast-seo-wordpress\/ -->\n<title>Shampoo Chantilly - Sarah Guetta<\/title>\n<meta name=\"robots\" content=\"index, follow, max-snippet:-1, max-image-preview:large, max-video-preview:-1\" \/>\n<link rel=\"canonical\" href=\"https:\/\/sarahguetta.com\/en\/shampoo-chantilly\/\" \/>\n<meta property=\"og:locale\" content=\"en_US\" \/>\n<meta property=\"og:type\" content=\"article\" \/>\n<meta property=\"og:title\" content=\"Shampoo Chantilly - Sarah Guetta\" \/>\n<meta property=\"og:description\" content=\"SHAMPOO CHANTILLY Acheter D\u00e9couvrez notre shampoing r\u00e9parateur \u00e0 la texture a\u00e9rienne, sp\u00e9cialement con\u00e7u pour nettoyer, nourrir, et hydrater vos cheveux en profondeur.&nbsp; Ce produit unique vous enchantera par sa sensation exceptionnelle de douceur et de l\u00e9g\u00e8ret\u00e9. Facile \u00e0 appliquer sur cheveux mouill\u00e9s, il laisse un d\u00e9licat parfum de fleur d&rsquo;oranger, vous transportant dans un v\u00e9ritable [&hellip;]\" \/>\n<meta property=\"og:url\" content=\"https:\/\/sarahguetta.com\/en\/shampoo-chantilly\/\" \/>\n<meta property=\"og:site_name\" content=\"Sarah Guetta\" \/>\n<meta property=\"article:modified_time\" content=\"2025-06-25T09:55:21+00:00\" \/>\n<meta name=\"twitter:card\" content=\"summary_large_image\" \/>\n<meta name=\"twitter:label1\" content=\"Est. reading time\" \/>\n\t<meta name=\"twitter:data1\" content=\"2 minutes\" \/>\n<script type=\"application\/ld+json\" class=\"yoast-schema-graph\">{\"@context\":\"https:\\\/\\\/schema.org\",\"@graph\":[{\"@type\":\"WebPage\",\"@id\":\"https:\\\/\\\/sarahguetta.com\\\/shampoo-chantilly\",\"url\":\"https:\\\/\\\/sarahguetta.com\\\/shampoo-chantilly\",\"name\":\"Shampoo Chantilly - Sarah Guetta\",\"isPartOf\":{\"@id\":\"https:\\\/\\\/sarahguetta.com\\\/#website\"},\"datePublished\":\"2023-08-24T15:15:29+00:00\",\"dateModified\":\"2025-06-25T09:55:21+00:00\",\"breadcrumb\":{\"@id\":\"https:\\\/\\\/sarahguetta.com\\\/shampoo-chantilly#breadcrumb\"},\"inLanguage\":\"en-US\",\"potentialAction\":[{\"@type\":\"ReadAction\",\"target\":[\"https:\\\/\\\/sarahguetta.com\\\/shampoo-chantilly\"]}]},{\"@type\":\"BreadcrumbList\",\"@id\":\"https:\\\/\\\/sarahguetta.com\\\/shampoo-chantilly#breadcrumb\",\"itemListElement\":[{\"@type\":\"ListItem\",\"position\":1,\"name\":\"Home\",\"item\":\"https:\\\/\\\/sarahguetta.com\\\/\"},{\"@type\":\"ListItem\",\"position\":2,\"name\":\"Shampoo Chantilly\"}]},{\"@type\":\"WebSite\",\"@id\":\"https:\\\/\\\/sarahguetta.com\\\/#website\",\"url\":\"https:\\\/\\\/sarahguetta.com\\\/\",\"name\":\"Sarah Guetta\",\"description\":\"\",\"publisher\":{\"@id\":\"https:\\\/\\\/sarahguetta.com\\\/#organization\"},\"potentialAction\":[{\"@type\":\"SearchAction\",\"target\":{\"@type\":\"EntryPoint\",\"urlTemplate\":\"https:\\\/\\\/sarahguetta.com\\\/?s={search_term_string}\"},\"query-input\":{\"@type\":\"PropertyValueSpecification\",\"valueRequired\":true,\"valueName\":\"search_term_string\"}}],\"inLanguage\":\"en-US\"},{\"@type\":\"Organization\",\"@id\":\"https:\\\/\\\/sarahguetta.com\\\/#organization\",\"name\":\"Sarah Guetta\",\"url\":\"https:\\\/\\\/sarahguetta.com\\\/\",\"logo\":{\"@type\":\"ImageObject\",\"inLanguage\":\"en-US\",\"@id\":\"https:\\\/\\\/sarahguetta.com\\\/#\\\/schema\\\/logo\\\/image\\\/\",\"url\":\"https:\\\/\\\/sarahguetta.com\\\/wp-content\\\/uploads\\\/2023\\\/08\\\/logo-SG.png\",\"contentUrl\":\"https:\\\/\\\/sarahguetta.com\\\/wp-content\\\/uploads\\\/2023\\\/08\\\/logo-SG.png\",\"width\":228,\"height\":50,\"caption\":\"Sarah Guetta\"},\"image\":{\"@id\":\"https:\\\/\\\/sarahguetta.com\\\/#\\\/schema\\\/logo\\\/image\\\/\"}}]}<\/script>\n<!-- \/ Yoast SEO plugin. -->","yoast_head_json":{"title":"Shampoo Chantilly - Sarah Guetta","robots":{"index":"index","follow":"follow","max-snippet":"max-snippet:-1","max-image-preview":"max-image-preview:large","max-video-preview":"max-video-preview:-1"},"canonical":"https:\/\/sarahguetta.com\/en\/shampoo-chantilly\/","og_locale":"en_US","og_type":"article","og_title":"Shampoo Chantilly - Sarah Guetta","og_description":"SHAMPOO CHANTILLY Acheter D\u00e9couvrez notre shampoing r\u00e9parateur \u00e0 la texture a\u00e9rienne, sp\u00e9cialement con\u00e7u pour nettoyer, nourrir, et hydrater vos cheveux en profondeur.&nbsp; Ce produit unique vous enchantera par sa sensation exceptionnelle de douceur et de l\u00e9g\u00e8ret\u00e9. Facile \u00e0 appliquer sur cheveux mouill\u00e9s, il laisse un d\u00e9licat parfum de fleur d&rsquo;oranger, vous transportant dans un v\u00e9ritable [&hellip;]","og_url":"https:\/\/sarahguetta.com\/en\/shampoo-chantilly\/","og_site_name":"Sarah Guetta","article_modified_time":"2025-06-25T09:55:21+00:00","twitter_card":"summary_large_image","twitter_misc":{"Est. reading time":"2 minutes"},"schema":{"@context":"https:\/\/schema.org","@graph":[{"@type":"WebPage","@id":"https:\/\/sarahguetta.com\/shampoo-chantilly","url":"https:\/\/sarahguetta.com\/shampoo-chantilly","name":"Shampoo Chantilly - Sarah Guetta","isPartOf":{"@id":"https:\/\/sarahguetta.com\/#website"},"datePublished":"2023-08-24T15:15:29+00:00","dateModified":"2025-06-25T09:55:21+00:00","breadcrumb":{"@id":"https:\/\/sarahguetta.com\/shampoo-chantilly#breadcrumb"},"inLanguage":"en-US","potentialAction":[{"@type":"ReadAction","target":["https:\/\/sarahguetta.com\/shampoo-chantilly"]}]},{"@type":"BreadcrumbList","@id":"https:\/\/sarahguetta.com\/shampoo-chantilly#breadcrumb","itemListElement":[{"@type":"ListItem","position":1,"name":"Home","item":"https:\/\/sarahguetta.com\/"},{"@type":"ListItem","position":2,"name":"Shampoo Chantilly"}]},{"@type":"WebSite","@id":"https:\/\/sarahguetta.com\/#website","url":"https:\/\/sarahguetta.com\/","name":"Sarah Guetta","description":"","publisher":{"@id":"https:\/\/sarahguetta.com\/#organization"},"potentialAction":[{"@type":"SearchAction","target":{"@type":"EntryPoint","urlTemplate":"https:\/\/sarahguetta.com\/?s={search_term_string}"},"query-input":{"@type":"PropertyValueSpecification","valueRequired":true,"valueName":"search_term_string"}}],"inLanguage":"en-US"},{"@type":"Organization","@id":"https:\/\/sarahguetta.com\/#organization","name":"Sarah Guetta","url":"https:\/\/sarahguetta.com\/","logo":{"@type":"ImageObject","inLanguage":"en-US","@id":"https:\/\/sarahguetta.com\/#\/schema\/logo\/image\/","url":"https:\/\/sarahguetta.com\/wp-content\/uploads\/2023\/08\/logo-SG.png","contentUrl":"https:\/\/sarahguetta.com\/wp-content\/uploads\/2023\/08\/logo-SG.png","width":228,"height":50,"caption":"Sarah Guetta"},"image":{"@id":"https:\/\/sarahguetta.com\/#\/schema\/logo\/image\/"}}]}},"_links":{"self":[{"href":"https:\/\/sarahguetta.com\/en\/wp-json\/wp\/v2\/pages\/2372","targetHints":{"allow":["GET"]}}],"collection":[{"href":"https:\/\/sarahguetta.com\/en\/wp-json\/wp\/v2\/pages"}],"about":[{"href":"https:\/\/sarahguetta.com\/en\/wp-json\/wp\/v2\/types\/page"}],"author":[{"embeddable":true,"href":"https:\/\/sarahguetta.com\/en\/wp-json\/wp\/v2\/users\/1"}],"replies":[{"embeddable":true,"href":"https:\/\/sarahguetta.com\/en\/wp-json\/wp\/v2\/comments?post=2372"}],"version-history":[{"count":158,"href":"https:\/\/sarahguetta.com\/en\/wp-json\/wp\/v2\/pages\/2372\/revisions"}],"predecessor-version":[{"id":3250,"href":"https:\/\/sarahguetta.com\/en\/wp-json\/wp\/v2\/pages\/2372\/revisions\/3250"}],"wp:attachment":[{"href":"https:\/\/sarahguetta.com\/en\/wp-json\/wp\/v2\/media?parent=2372"}],"curies":[{"name":"wp","href":"https:\/\/api.w.org\/{rel}","templated":true}]}}