{"id":392,"date":"2023-08-22T12:00:29","date_gmt":"2023-08-22T12:00:29","guid":{"rendered":"https:\/\/sarahguetta.live-website.com\/?page_id=392"},"modified":"2024-02-04T18:11:44","modified_gmt":"2024-02-04T18:11:44","slug":"interview","status":"publish","type":"page","link":"https:\/\/sarahguetta.com\/en\/interview","title":{"rendered":"Interview"},"content":{"rendered":"<div data-elementor-type=\"wp-page\" data-elementor-id=\"392\" class=\"elementor elementor-392\">\n\t\t\t\t\t\t<section class=\"elementor-section elementor-top-section elementor-element elementor-element-276f934 elementor-section-boxed elementor-section-height-default elementor-section-height-default\" data-id=\"276f934\" data-element_type=\"section\" data-e-type=\"section\" data-settings=\"{&quot;background_background&quot;:&quot;classic&quot;}\">\n\t\t\t\t\t\t<div class=\"elementor-container elementor-column-gap-default\">\n\t\t\t\t\t<div class=\"elementor-column elementor-col-100 elementor-top-column elementor-element elementor-element-aa0e93a\" data-id=\"aa0e93a\" data-element_type=\"column\" data-e-type=\"column\">\n\t\t\t<div class=\"elementor-widget-wrap elementor-element-populated\">\n\t\t\t\t\t\t<div class=\"elementor-element elementor-element-316a057 elementor-widget elementor-widget-heading\" data-id=\"316a057\" data-element_type=\"widget\" data-e-type=\"widget\" data-widget_type=\"heading.default\">\n\t\t\t\t<div class=\"elementor-widget-container\">\n\t\t\t\t\t<h2 class=\"elementor-heading-title elementor-size-default\">Sarah's interview<\/h2>\t\t\t\t<\/div>\n\t\t\t\t<\/div>\n\t\t\t\t\t<\/div>\n\t\t<\/div>\n\t\t\t\t\t<\/div>\n\t\t<\/section>\n\t\t\t\t<section class=\"elementor-section elementor-top-section elementor-element elementor-element-8c2c326 elementor-section-boxed elementor-section-height-default elementor-section-height-default\" data-id=\"8c2c326\" data-element_type=\"section\" data-e-type=\"section\">\n\t\t\t\t\t\t<div class=\"elementor-container elementor-column-gap-extended\">\n\t\t\t\t\t<div class=\"elementor-column elementor-col-50 elementor-top-column elementor-element elementor-element-7d0f001\" data-id=\"7d0f001\" data-element_type=\"column\" data-e-type=\"column\" data-settings=\"{&quot;background_background&quot;:&quot;classic&quot;}\">\n\t\t\t<div class=\"elementor-widget-wrap elementor-element-populated\">\n\t\t\t\t\t\t<div class=\"elementor-element elementor-element-ce83b9c elementor-widget elementor-widget-spacer\" data-id=\"ce83b9c\" data-element_type=\"widget\" data-e-type=\"widget\" data-widget_type=\"spacer.default\">\n\t\t\t\t<div class=\"elementor-widget-container\">\n\t\t\t\t\t\t\t<div class=\"elementor-spacer\">\n\t\t\t<div class=\"elementor-spacer-inner\"><\/div>\n\t\t<\/div>\n\t\t\t\t\t\t<\/div>\n\t\t\t\t<\/div>\n\t\t\t\t\t<\/div>\n\t\t<\/div>\n\t\t\t\t<div class=\"elementor-column elementor-col-50 elementor-top-column elementor-element elementor-element-34f9da3\" data-id=\"34f9da3\" data-element_type=\"column\" data-e-type=\"column\">\n\t\t\t<div class=\"elementor-widget-wrap elementor-element-populated\">\n\t\t\t\t\t\t<div class=\"elementor-element elementor-element-07627e8 elementor-widget elementor-widget-text-editor\" data-id=\"07627e8\" data-element_type=\"widget\" data-e-type=\"widget\" data-widget_type=\"text-editor.default\">\n\t\t\t\t<div class=\"elementor-widget-container\">\n\t\t\t\t\t\t\t\t\t<p>Sarah Guetta, a prominent cinema hairstylist, unveils her haircare line \"Tchik Tchak\" today, a groundbreaking innovation in the beauty industry.\u00a0<\/p><p>This range, entirely natural, vegan, and made in France, is the result of her collaboration with renowned chemists.<\/p><p>The \"Tchik Tchak\" collection comprises four groundbreaking products: a shampoo, a mask, a serum, and a major innovation, the \"NO Shampoo Tchik Tchak.\"\u00a0<\/p><p>This essential water, unparalleled in the market, is specially designed to hydrate and purify the scalp between washes.\u00a0<\/p><p>The NO Shampoo stands out by cleverly replacing traditional dry shampoos.\u00a0<\/p><p>Applied directly to the roots, it air dries, leaving hair clean and brilliantly shiny in an instant.<\/p>\t\t\t\t\t\t\t\t<\/div>\n\t\t\t\t<\/div>\n\t\t\t\t\t<\/div>\n\t\t<\/div>\n\t\t\t\t\t<\/div>\n\t\t<\/section>\n\t\t\t\t<section class=\"elementor-section elementor-top-section elementor-element elementor-element-ccbec56 elementor-reverse-tablet elementor-reverse-mobile elementor-section-boxed elementor-section-height-default elementor-section-height-default\" data-id=\"ccbec56\" data-element_type=\"section\" data-e-type=\"section\">\n\t\t\t\t\t\t<div class=\"elementor-container elementor-column-gap-extended\">\n\t\t\t\t\t<div class=\"elementor-column elementor-col-50 elementor-top-column elementor-element elementor-element-323faed\" data-id=\"323faed\" data-element_type=\"column\" data-e-type=\"column\">\n\t\t\t<div class=\"elementor-widget-wrap elementor-element-populated\">\n\t\t\t\t\t\t<div class=\"elementor-element elementor-element-a8c028a elementor-widget elementor-widget-text-editor\" data-id=\"a8c028a\" data-element_type=\"widget\" data-e-type=\"widget\" data-widget_type=\"text-editor.default\">\n\t\t\t\t<div class=\"elementor-widget-container\">\n\t\t\t\t\t\t\t\t\t<p>Dubbed the \"celebrity hairstylist,\" Sarah earned her reputation in the most prestigious salons, such as Carita and Maniatis, before making her mark in the film industry. She contributed to the success of over 30 films alongside iconic figures. Later, she opened her own salon, a space both luxurious and uniquely distinct.<\/p><p>In parallel, Sarah showcased her expertise on screen by hosting the prime-time show \"Cauchemar chez le coiffeur\" on M6. Today, she leverages her in-depth knowledge of hair care to offer cutting-edge products perfectly suited to modern demands.<\/p>\t\t\t\t\t\t\t\t<\/div>\n\t\t\t\t<\/div>\n\t\t\t\t\t<\/div>\n\t\t<\/div>\n\t\t\t\t<div class=\"elementor-column elementor-col-50 elementor-top-column elementor-element elementor-element-f13d8cd\" data-id=\"f13d8cd\" data-element_type=\"column\" data-e-type=\"column\" data-settings=\"{&quot;background_background&quot;:&quot;classic&quot;}\">\n\t\t\t<div class=\"elementor-widget-wrap elementor-element-populated\">\n\t\t\t\t\t\t<div class=\"elementor-element elementor-element-5b62444 elementor-widget elementor-widget-spacer\" data-id=\"5b62444\" data-element_type=\"widget\" data-e-type=\"widget\" data-widget_type=\"spacer.default\">\n\t\t\t\t<div class=\"elementor-widget-container\">\n\t\t\t\t\t\t\t<div class=\"elementor-spacer\">\n\t\t\t<div class=\"elementor-spacer-inner\"><\/div>\n\t\t<\/div>\n\t\t\t\t\t\t<\/div>\n\t\t\t\t<\/div>\n\t\t\t\t\t<\/div>\n\t\t<\/div>\n\t\t\t\t\t<\/div>\n\t\t<\/section>\n\t\t\t\t<section class=\"elementor-section elementor-top-section elementor-element elementor-element-793a7c8 elementor-section-boxed elementor-section-height-default elementor-section-height-default\" data-id=\"793a7c8\" data-element_type=\"section\" data-e-type=\"section\">\n\t\t\t\t\t\t<div class=\"elementor-container elementor-column-gap-default\">\n\t\t\t\t\t<div class=\"elementor-column elementor-col-100 elementor-top-column elementor-element elementor-element-15d0b55\" data-id=\"15d0b55\" data-element_type=\"column\" data-e-type=\"column\">\n\t\t\t<div class=\"elementor-widget-wrap elementor-element-populated\">\n\t\t\t\t\t\t<div class=\"elementor-element elementor-element-bd6e04d elementor-widget elementor-widget-image\" data-id=\"bd6e04d\" data-element_type=\"widget\" data-e-type=\"widget\" data-widget_type=\"image.default\">\n\t\t\t\t<div class=\"elementor-widget-container\">\n\t\t\t\t\t\t\t\t\t\t\t\t\t\t\t<img fetchpriority=\"high\" decoding=\"async\" width=\"2048\" height=\"1365\" src=\"https:\/\/sarahguetta.com\/wp-content\/uploads\/2024\/02\/IMG_6630-2048x1365.jpg\" class=\"attachment-2048x2048 size-2048x2048 wp-image-2989\" alt=\"\" srcset=\"https:\/\/sarahguetta.com\/wp-content\/uploads\/2024\/02\/IMG_6630-2048x1365.jpg 2048w, https:\/\/sarahguetta.com\/wp-content\/uploads\/2024\/02\/IMG_6630-300x200.jpg 300w, https:\/\/sarahguetta.com\/wp-content\/uploads\/2024\/02\/IMG_6630-1024x683.jpg 1024w, https:\/\/sarahguetta.com\/wp-content\/uploads\/2024\/02\/IMG_6630-768x512.jpg 768w, https:\/\/sarahguetta.com\/wp-content\/uploads\/2024\/02\/IMG_6630-1536x1024.jpg 1536w, https:\/\/sarahguetta.com\/wp-content\/uploads\/2024\/02\/IMG_6630-18x12.jpg 18w\" sizes=\"(max-width: 2048px) 100vw, 2048px\" \/>\t\t\t\t\t\t\t\t\t\t\t\t\t\t\t<\/div>\n\t\t\t\t<\/div>\n\t\t\t\t<div class=\"elementor-element elementor-element-9cac264 elementor-widget elementor-widget-text-editor\" data-id=\"9cac264\" data-element_type=\"widget\" data-e-type=\"widget\" data-widget_type=\"text-editor.default\">\n\t\t\t\t<div class=\"elementor-widget-container\">\n\t\t\t\t\t\t\t\t\t<h1>4 questions to Sarah Guetta about her natural hair care line Tchik Tchak<\/h1><h2>How did the idea of \u200b\u200bcreating hair products come to you?<\/h2><p>I have always wished, with a touch of nostalgia, to rediscover the magic of the hair lotion my father used to rub on his hair as shampoo every morning. Back then, hair washing wasn't as frequent, even after a haircut at the barber's: rubbing was an unchanging ritual.<\/p><p>The Tchik Tchak No Shampoo essential water from my hair care line originated from there.<\/p><p>Then, I envisioned 3 other products in the same spirit: shampoo, mask, serum with the sweet scent of the orange blossom from my childhood and a whipped cream texture. With the Tchik Tchak range, I wanted to offer products based on natural ingredients, vegan, not tested on animals, and Made in France while recreating my celebrity secrets. The vibrant colors of its packaging break traditional codes and express a well-being filled with positive energies.<\/p><h2>The name of your line is Tchik Tchak. What does it connote?<\/h2><p>\"Tchik Tchak\" is an expression that is understood in all languages \u200b\u200baround the world, evoking speed and efficiency. It also signifies that you can achieve a salon-like effect in no time with \"Tchik Tchak\".<\/p><h2>\"Tchik Tchak No Shampoo\" is our flagship product. What makes it \"unique\"?<\/h2><p>Because there is nothing like it on the market. It's an \"essential water\" designed to purify and nourish the scalp while quickly making hair manageable without compromising volume and shine. \"This is not a shampoo\": it's neither liquid nor dry.<\/p><p>Just like our bodies, our scalp needs hydration. No Shampoo Tchik Tchak contains essential water that stimulates and revitalizes the living part of the scalp, located in its superficial and untreated layer. The scalp, rich in sebaceous glands and responsible for sweat secretion and water loss, requires optimal hydration to maintain its suppleness and elasticity.<\/p><p>No Shampoo Tchik Tchak is a unique formula that provides this necessary hydration. Because time is precious, the \"Tchik Tchak\" line offers products with immediate results. For example, gel nail polish dries quickly under a lamp. Similarly, No Shampoo essential water air dries after friction in just 5 to 7 minutes, offering a convenient solution to carry on with your day without waiting. Scented with citrus, No Shampoo provides freshness and well-being.<\/p><p>Between traditional shampoos, No Shampoo is the new \"revolutionary\" on-the-go product for everyone. Especially for those who wash their hair too frequently, athletes, seniors, teenagers, and our nomadic artists... just to name a few.<\/p><h2>What are the specific features of the other products in the range?<\/h2><p>They have a visible effectiveness to the naked eye, making the hair airy and shiny, sometimes making blow-drying unnecessary.<\/p><ul><li>Le <strong>shampoing Chantilly Tchik Tchak by Sarah Guetta<\/strong>. C&rsquo;est un shampoing \u00e0 la texture cr\u00e9meuse et fra\u00eeche qu&rsquo;on peut doser dans la paume de sa main. Sans silicone, sans sulfates, avec une mousse peu abondante qui se r\u00e9v\u00e8le effervescente au contact de l&rsquo;eau, il tient toutes ses promesses dans un sillage de fleur d&rsquo;oranger.<\/li><li class=\"translation-block\"><strong>The Chantilly Cream Mask by Sarah Guetta<\/strong> from the Tchik Tchak range is a rich formula designed to nourish the hair after shampooing. It can be rinsed out or used as a leave-in treatment for a wet look effect. With its delightful scent of orange blossom and subtle effectiveness, this mask leaves the hair feeling light and airy. <strong>Note:<\/strong> Due to its texture, this mask produces foam.<\/li><li class=\"translation-block\">The <strong>Chantilly Serum by Sarah Guetta<\/strong>. The serum also comes in a chantilly texture. It's a finishing product to be applied starting from the ends. It's easy to handle even for non-professionals. Non-sticky, it helps repair split ends caused by humidity, smooths rebellious hair, and enhances the benefits of the shampoo-mask duo.<\/li><\/ul>\t\t\t\t\t\t\t\t<\/div>\n\t\t\t\t<\/div>\n\t\t\t\t\t<\/div>\n\t\t<\/div>\n\t\t\t\t\t<\/div>\n\t\t<\/section>\n\t\t\t\t<\/div>","protected":false},"excerpt":{"rendered":"<p>L&rsquo;interview de Sarah Sarah Guetta, \u00e9minente coiffeuse du cin\u00e9ma, d\u00e9voile aujourd&rsquo;hui sa ligne de produits capillaires \u00ab Tchik Tchak \u00bb, une innovation marquante dans l&rsquo;univers de la beaut\u00e9.\u00a0 Cette gamme, enti\u00e8rement naturelle, vegan et fabriqu\u00e9e en France, est le fruit de sa collaboration avec des chimistes de renom. La collection \u00ab Tchik Tchak \u00bb comprend [&hellip;]<\/p>\n","protected":false},"author":1,"featured_media":2917,"parent":0,"menu_order":0,"comment_status":"closed","ping_status":"closed","template":"","meta":{"_monsterinsights_skip_tracking":false,"_monsterinsights_sitenote_active":false,"_monsterinsights_sitenote_note":"","_monsterinsights_sitenote_category":0,"_themeisle_gutenberg_block_has_review":false,"footnotes":""},"class_list":["post-392","page","type-page","status-publish","has-post-thumbnail","hentry"],"yoast_head":"<!-- This site is optimized with the Yoast SEO plugin v27.4 - https:\/\/yoast.com\/product\/yoast-seo-wordpress\/ -->\n<title>Interview - Sarah Guetta<\/title>\n<meta name=\"description\" content=\"D\u00e9couvrez &quot;Tchik Tchak&quot; par Sarah Guetta: ligne capillaire naturelle, vegan, Made in France, incluant le unique NO Shampoo.\" \/>\n<meta name=\"robots\" content=\"index, follow, max-snippet:-1, max-image-preview:large, max-video-preview:-1\" \/>\n<link rel=\"canonical\" href=\"https:\/\/sarahguetta.com\/en\/interview\/\" \/>\n<meta property=\"og:locale\" content=\"en_US\" \/>\n<meta property=\"og:type\" content=\"article\" \/>\n<meta property=\"og:title\" content=\"Interview - Sarah Guetta\" \/>\n<meta property=\"og:description\" content=\"D\u00e9couvrez &quot;Tchik Tchak&quot; par Sarah Guetta: ligne capillaire naturelle, vegan, Made in France, incluant le unique NO Shampoo.\" \/>\n<meta property=\"og:url\" content=\"https:\/\/sarahguetta.com\/en\/interview\/\" \/>\n<meta property=\"og:site_name\" content=\"Sarah Guetta\" \/>\n<meta property=\"article:modified_time\" content=\"2024-02-04T18:11:44+00:00\" \/>\n<meta property=\"og:image\" content=\"http:\/\/sarahguetta.com\/wp-content\/uploads\/2024\/02\/DSC_8290-ModifierG-scaled.jpg\" \/>\n\t<meta property=\"og:image:width\" content=\"2560\" \/>\n\t<meta property=\"og:image:height\" content=\"1707\" \/>\n\t<meta property=\"og:image:type\" content=\"image\/jpeg\" \/>\n<meta name=\"twitter:card\" content=\"summary_large_image\" \/>\n<meta name=\"twitter:label1\" content=\"Est. reading time\" \/>\n\t<meta name=\"twitter:data1\" content=\"5 minutes\" \/>\n<script type=\"application\/ld+json\" class=\"yoast-schema-graph\">{\"@context\":\"https:\\\/\\\/schema.org\",\"@graph\":[{\"@type\":\"WebPage\",\"@id\":\"https:\\\/\\\/sarahguetta.com\\\/fr\\\/interview\",\"url\":\"https:\\\/\\\/sarahguetta.com\\\/fr\\\/interview\",\"name\":\"Interview - Sarah Guetta\",\"isPartOf\":{\"@id\":\"https:\\\/\\\/sarahguetta.com\\\/#website\"},\"primaryImageOfPage\":{\"@id\":\"https:\\\/\\\/sarahguetta.com\\\/fr\\\/interview#primaryimage\"},\"image\":{\"@id\":\"https:\\\/\\\/sarahguetta.com\\\/fr\\\/interview#primaryimage\"},\"thumbnailUrl\":\"https:\\\/\\\/sarahguetta.com\\\/wp-content\\\/uploads\\\/2024\\\/02\\\/DSC_8290-ModifierG-scaled.jpg\",\"datePublished\":\"2023-08-22T12:00:29+00:00\",\"dateModified\":\"2024-02-04T18:11:44+00:00\",\"description\":\"D\u00e9couvrez \\\"Tchik Tchak\\\" par Sarah Guetta: ligne capillaire naturelle, vegan, Made in France, incluant le unique NO Shampoo.\",\"breadcrumb\":{\"@id\":\"https:\\\/\\\/sarahguetta.com\\\/fr\\\/interview#breadcrumb\"},\"inLanguage\":\"en-US\",\"potentialAction\":[{\"@type\":\"ReadAction\",\"target\":[\"https:\\\/\\\/sarahguetta.com\\\/fr\\\/interview\"]}]},{\"@type\":\"ImageObject\",\"inLanguage\":\"en-US\",\"@id\":\"https:\\\/\\\/sarahguetta.com\\\/fr\\\/interview#primaryimage\",\"url\":\"https:\\\/\\\/sarahguetta.com\\\/wp-content\\\/uploads\\\/2024\\\/02\\\/DSC_8290-ModifierG-scaled.jpg\",\"contentUrl\":\"https:\\\/\\\/sarahguetta.com\\\/wp-content\\\/uploads\\\/2024\\\/02\\\/DSC_8290-ModifierG-scaled.jpg\",\"width\":2560,\"height\":1707},{\"@type\":\"BreadcrumbList\",\"@id\":\"https:\\\/\\\/sarahguetta.com\\\/fr\\\/interview#breadcrumb\",\"itemListElement\":[{\"@type\":\"ListItem\",\"position\":1,\"name\":\"Home\",\"item\":\"https:\\\/\\\/sarahguetta.com\\\/\"},{\"@type\":\"ListItem\",\"position\":2,\"name\":\"Interview\"}]},{\"@type\":\"WebSite\",\"@id\":\"https:\\\/\\\/sarahguetta.com\\\/#website\",\"url\":\"https:\\\/\\\/sarahguetta.com\\\/\",\"name\":\"Sarah Guetta\",\"description\":\"\",\"publisher\":{\"@id\":\"https:\\\/\\\/sarahguetta.com\\\/#organization\"},\"potentialAction\":[{\"@type\":\"SearchAction\",\"target\":{\"@type\":\"EntryPoint\",\"urlTemplate\":\"https:\\\/\\\/sarahguetta.com\\\/?s={search_term_string}\"},\"query-input\":{\"@type\":\"PropertyValueSpecification\",\"valueRequired\":true,\"valueName\":\"search_term_string\"}}],\"inLanguage\":\"en-US\"},{\"@type\":\"Organization\",\"@id\":\"https:\\\/\\\/sarahguetta.com\\\/#organization\",\"name\":\"Sarah Guetta\",\"url\":\"https:\\\/\\\/sarahguetta.com\\\/\",\"logo\":{\"@type\":\"ImageObject\",\"inLanguage\":\"en-US\",\"@id\":\"https:\\\/\\\/sarahguetta.com\\\/#\\\/schema\\\/logo\\\/image\\\/\",\"url\":\"https:\\\/\\\/sarahguetta.com\\\/wp-content\\\/uploads\\\/2023\\\/08\\\/logo-SG.png\",\"contentUrl\":\"https:\\\/\\\/sarahguetta.com\\\/wp-content\\\/uploads\\\/2023\\\/08\\\/logo-SG.png\",\"width\":228,\"height\":50,\"caption\":\"Sarah Guetta\"},\"image\":{\"@id\":\"https:\\\/\\\/sarahguetta.com\\\/#\\\/schema\\\/logo\\\/image\\\/\"}}]}<\/script>\n<!-- \/ Yoast SEO plugin. -->","yoast_head_json":{"title":"Interview - Sarah Guetta","description":"D\u00e9couvrez \"Tchik Tchak\" par Sarah Guetta: ligne capillaire naturelle, vegan, Made in France, incluant le unique NO Shampoo.","robots":{"index":"index","follow":"follow","max-snippet":"max-snippet:-1","max-image-preview":"max-image-preview:large","max-video-preview":"max-video-preview:-1"},"canonical":"https:\/\/sarahguetta.com\/en\/interview\/","og_locale":"en_US","og_type":"article","og_title":"Interview - Sarah Guetta","og_description":"D\u00e9couvrez \"Tchik Tchak\" par Sarah Guetta: ligne capillaire naturelle, vegan, Made in France, incluant le unique NO Shampoo.","og_url":"https:\/\/sarahguetta.com\/en\/interview\/","og_site_name":"Sarah Guetta","article_modified_time":"2024-02-04T18:11:44+00:00","og_image":[{"width":2560,"height":1707,"url":"http:\/\/sarahguetta.com\/wp-content\/uploads\/2024\/02\/DSC_8290-ModifierG-scaled.jpg","type":"image\/jpeg"}],"twitter_card":"summary_large_image","twitter_misc":{"Est. reading time":"5 minutes"},"schema":{"@context":"https:\/\/schema.org","@graph":[{"@type":"WebPage","@id":"https:\/\/sarahguetta.com\/fr\/interview","url":"https:\/\/sarahguetta.com\/fr\/interview","name":"Interview - Sarah Guetta","isPartOf":{"@id":"https:\/\/sarahguetta.com\/#website"},"primaryImageOfPage":{"@id":"https:\/\/sarahguetta.com\/fr\/interview#primaryimage"},"image":{"@id":"https:\/\/sarahguetta.com\/fr\/interview#primaryimage"},"thumbnailUrl":"https:\/\/sarahguetta.com\/wp-content\/uploads\/2024\/02\/DSC_8290-ModifierG-scaled.jpg","datePublished":"2023-08-22T12:00:29+00:00","dateModified":"2024-02-04T18:11:44+00:00","description":"D\u00e9couvrez \"Tchik Tchak\" par Sarah Guetta: ligne capillaire naturelle, vegan, Made in France, incluant le unique NO Shampoo.","breadcrumb":{"@id":"https:\/\/sarahguetta.com\/fr\/interview#breadcrumb"},"inLanguage":"en-US","potentialAction":[{"@type":"ReadAction","target":["https:\/\/sarahguetta.com\/fr\/interview"]}]},{"@type":"ImageObject","inLanguage":"en-US","@id":"https:\/\/sarahguetta.com\/fr\/interview#primaryimage","url":"https:\/\/sarahguetta.com\/wp-content\/uploads\/2024\/02\/DSC_8290-ModifierG-scaled.jpg","contentUrl":"https:\/\/sarahguetta.com\/wp-content\/uploads\/2024\/02\/DSC_8290-ModifierG-scaled.jpg","width":2560,"height":1707},{"@type":"BreadcrumbList","@id":"https:\/\/sarahguetta.com\/fr\/interview#breadcrumb","itemListElement":[{"@type":"ListItem","position":1,"name":"Home","item":"https:\/\/sarahguetta.com\/"},{"@type":"ListItem","position":2,"name":"Interview"}]},{"@type":"WebSite","@id":"https:\/\/sarahguetta.com\/#website","url":"https:\/\/sarahguetta.com\/","name":"Sarah Guetta","description":"","publisher":{"@id":"https:\/\/sarahguetta.com\/#organization"},"potentialAction":[{"@type":"SearchAction","target":{"@type":"EntryPoint","urlTemplate":"https:\/\/sarahguetta.com\/?s={search_term_string}"},"query-input":{"@type":"PropertyValueSpecification","valueRequired":true,"valueName":"search_term_string"}}],"inLanguage":"en-US"},{"@type":"Organization","@id":"https:\/\/sarahguetta.com\/#organization","name":"Sarah Guetta","url":"https:\/\/sarahguetta.com\/","logo":{"@type":"ImageObject","inLanguage":"en-US","@id":"https:\/\/sarahguetta.com\/#\/schema\/logo\/image\/","url":"https:\/\/sarahguetta.com\/wp-content\/uploads\/2023\/08\/logo-SG.png","contentUrl":"https:\/\/sarahguetta.com\/wp-content\/uploads\/2023\/08\/logo-SG.png","width":228,"height":50,"caption":"Sarah Guetta"},"image":{"@id":"https:\/\/sarahguetta.com\/#\/schema\/logo\/image\/"}}]}},"_links":{"self":[{"href":"https:\/\/sarahguetta.com\/en\/wp-json\/wp\/v2\/pages\/392","targetHints":{"allow":["GET"]}}],"collection":[{"href":"https:\/\/sarahguetta.com\/en\/wp-json\/wp\/v2\/pages"}],"about":[{"href":"https:\/\/sarahguetta.com\/en\/wp-json\/wp\/v2\/types\/page"}],"author":[{"embeddable":true,"href":"https:\/\/sarahguetta.com\/en\/wp-json\/wp\/v2\/users\/1"}],"replies":[{"embeddable":true,"href":"https:\/\/sarahguetta.com\/en\/wp-json\/wp\/v2\/comments?post=392"}],"version-history":[{"count":246,"href":"https:\/\/sarahguetta.com\/en\/wp-json\/wp\/v2\/pages\/392\/revisions"}],"predecessor-version":[{"id":2996,"href":"https:\/\/sarahguetta.com\/en\/wp-json\/wp\/v2\/pages\/392\/revisions\/2996"}],"wp:featuredmedia":[{"embeddable":true,"href":"https:\/\/sarahguetta.com\/en\/wp-json\/wp\/v2\/media\/2917"}],"wp:attachment":[{"href":"https:\/\/sarahguetta.com\/en\/wp-json\/wp\/v2\/media?parent=392"}],"curies":[{"name":"wp","href":"https:\/\/api.w.org\/{rel}","templated":true}]}}