{"id":392,"date":"2023-08-22T12:00:29","date_gmt":"2023-08-22T12:00:29","guid":{"rendered":"https:\/\/sarahguetta.live-website.com\/?page_id=392"},"modified":"2024-02-04T18:11:44","modified_gmt":"2024-02-04T18:11:44","slug":"interview","status":"publish","type":"page","link":"https:\/\/sarahguetta.com\/fr\/interview","title":{"rendered":"Interview"},"content":{"rendered":"\t\t<div data-elementor-type=\"wp-page\" data-elementor-id=\"392\" class=\"elementor elementor-392\">\n\t\t\t\t\t\t<section class=\"elementor-section elementor-top-section elementor-element elementor-element-276f934 elementor-section-boxed elementor-section-height-default elementor-section-height-default\" data-id=\"276f934\" data-element_type=\"section\" data-e-type=\"section\" data-settings=\"{&quot;background_background&quot;:&quot;classic&quot;}\">\n\t\t\t\t\t\t<div class=\"elementor-container elementor-column-gap-default\">\n\t\t\t\t\t<div class=\"elementor-column elementor-col-100 elementor-top-column elementor-element elementor-element-aa0e93a\" data-id=\"aa0e93a\" data-element_type=\"column\" data-e-type=\"column\">\n\t\t\t<div class=\"elementor-widget-wrap elementor-element-populated\">\n\t\t\t\t\t\t<div class=\"elementor-element elementor-element-316a057 elementor-widget elementor-widget-heading\" data-id=\"316a057\" data-element_type=\"widget\" data-e-type=\"widget\" data-widget_type=\"heading.default\">\n\t\t\t\t<div class=\"elementor-widget-container\">\n\t\t\t\t\t<h2 class=\"elementor-heading-title elementor-size-default\">L'interview de Sarah<\/h2>\t\t\t\t<\/div>\n\t\t\t\t<\/div>\n\t\t\t\t\t<\/div>\n\t\t<\/div>\n\t\t\t\t\t<\/div>\n\t\t<\/section>\n\t\t\t\t<section class=\"elementor-section elementor-top-section elementor-element elementor-element-8c2c326 elementor-section-boxed elementor-section-height-default elementor-section-height-default\" data-id=\"8c2c326\" data-element_type=\"section\" data-e-type=\"section\">\n\t\t\t\t\t\t<div class=\"elementor-container elementor-column-gap-extended\">\n\t\t\t\t\t<div class=\"elementor-column elementor-col-50 elementor-top-column elementor-element elementor-element-7d0f001\" data-id=\"7d0f001\" data-element_type=\"column\" data-e-type=\"column\" data-settings=\"{&quot;background_background&quot;:&quot;classic&quot;}\">\n\t\t\t<div class=\"elementor-widget-wrap elementor-element-populated\">\n\t\t\t\t\t\t<div class=\"elementor-element elementor-element-ce83b9c elementor-widget elementor-widget-spacer\" data-id=\"ce83b9c\" data-element_type=\"widget\" data-e-type=\"widget\" data-widget_type=\"spacer.default\">\n\t\t\t\t<div class=\"elementor-widget-container\">\n\t\t\t\t\t\t\t<div class=\"elementor-spacer\">\n\t\t\t<div class=\"elementor-spacer-inner\"><\/div>\n\t\t<\/div>\n\t\t\t\t\t\t<\/div>\n\t\t\t\t<\/div>\n\t\t\t\t\t<\/div>\n\t\t<\/div>\n\t\t\t\t<div class=\"elementor-column elementor-col-50 elementor-top-column elementor-element elementor-element-34f9da3\" data-id=\"34f9da3\" data-element_type=\"column\" data-e-type=\"column\">\n\t\t\t<div class=\"elementor-widget-wrap elementor-element-populated\">\n\t\t\t\t\t\t<div class=\"elementor-element elementor-element-07627e8 elementor-widget elementor-widget-text-editor\" data-id=\"07627e8\" data-element_type=\"widget\" data-e-type=\"widget\" data-widget_type=\"text-editor.default\">\n\t\t\t\t<div class=\"elementor-widget-container\">\n\t\t\t\t\t\t\t\t\t<p>Sarah Guetta, \u00e9minente coiffeuse du cin\u00e9ma, d\u00e9voile aujourd&rsquo;hui sa ligne de produits capillaires \u00ab Tchik Tchak \u00bb, une innovation marquante dans l&rsquo;univers de la beaut\u00e9.\u00a0<\/p><p>Cette gamme, enti\u00e8rement naturelle, vegan et fabriqu\u00e9e en France, est le fruit de sa collaboration avec des chimistes de renom.<\/p><p>La collection \u00ab Tchik Tchak \u00bb comprend quatre produits r\u00e9volutionnaires : un shampoing, un masque, un s\u00e9rum, et une innovation majeure, le \u00ab NO Shampoo Tchik Tchak \u00bb.\u00a0<\/p><p>Cette eau essentielle, sans pareil sur le march\u00e9, est sp\u00e9cialement con\u00e7ue pour hydrater et purifier le cuir chevelu entre les lavages.\u00a0<\/p><p>Le NO Shampoo se distingue en rempla\u00e7ant astucieusement les shampoings secs traditionnels.\u00a0<\/p><p>Appliqu\u00e9 directement \u00e0 la racine, il s\u00e8che naturellement, laissant les cheveux propres et \u00e9clatants de brillance en un instant.<\/p>\t\t\t\t\t\t\t\t<\/div>\n\t\t\t\t<\/div>\n\t\t\t\t\t<\/div>\n\t\t<\/div>\n\t\t\t\t\t<\/div>\n\t\t<\/section>\n\t\t\t\t<section class=\"elementor-section elementor-top-section elementor-element elementor-element-ccbec56 elementor-reverse-tablet elementor-reverse-mobile elementor-section-boxed elementor-section-height-default elementor-section-height-default\" data-id=\"ccbec56\" data-element_type=\"section\" data-e-type=\"section\">\n\t\t\t\t\t\t<div class=\"elementor-container elementor-column-gap-extended\">\n\t\t\t\t\t<div class=\"elementor-column elementor-col-50 elementor-top-column elementor-element elementor-element-323faed\" data-id=\"323faed\" data-element_type=\"column\" data-e-type=\"column\">\n\t\t\t<div class=\"elementor-widget-wrap elementor-element-populated\">\n\t\t\t\t\t\t<div class=\"elementor-element elementor-element-a8c028a elementor-widget elementor-widget-text-editor\" data-id=\"a8c028a\" data-element_type=\"widget\" data-e-type=\"widget\" data-widget_type=\"text-editor.default\">\n\t\t\t\t<div class=\"elementor-widget-container\">\n\t\t\t\t\t\t\t\t\t<p>Surnomm\u00e9e la coiffeuse des c\u00e9l\u00e9brit\u00e9s, Sarah a forg\u00e9 sa r\u00e9putation dans les salons les plus prestigieux, tels que Carita et Maniatis, avant de s&rsquo;illustrer dans le milieu du cin\u00e9ma o\u00f9 elle a contribu\u00e9 au succ\u00e8s de plus de 30 films aux c\u00f4t\u00e9s de figures embl\u00e9matiques. Elle a par la suite inaugur\u00e9 son propre salon, un espace \u00e0 la fois luxueux et unique en son genre.<\/p><p>En parall\u00e8le, Sarah a mis son expertise \u00e0 l&rsquo;\u00e9cran en animant l&rsquo;\u00e9mission \u00ab Cauchemar chez le coiffeur \u00bb sur M6, en prime time. Aujourd&rsquo;hui, elle canalise sa connaissance approfondie des soins capillaires pour proposer des produits avant-gardistes, parfaitement adapt\u00e9s aux exigences contemporaines.<\/p>\t\t\t\t\t\t\t\t<\/div>\n\t\t\t\t<\/div>\n\t\t\t\t\t<\/div>\n\t\t<\/div>\n\t\t\t\t<div class=\"elementor-column elementor-col-50 elementor-top-column elementor-element elementor-element-f13d8cd\" data-id=\"f13d8cd\" data-element_type=\"column\" data-e-type=\"column\" data-settings=\"{&quot;background_background&quot;:&quot;classic&quot;}\">\n\t\t\t<div class=\"elementor-widget-wrap elementor-element-populated\">\n\t\t\t\t\t\t<div class=\"elementor-element elementor-element-5b62444 elementor-widget elementor-widget-spacer\" data-id=\"5b62444\" data-element_type=\"widget\" data-e-type=\"widget\" data-widget_type=\"spacer.default\">\n\t\t\t\t<div class=\"elementor-widget-container\">\n\t\t\t\t\t\t\t<div class=\"elementor-spacer\">\n\t\t\t<div class=\"elementor-spacer-inner\"><\/div>\n\t\t<\/div>\n\t\t\t\t\t\t<\/div>\n\t\t\t\t<\/div>\n\t\t\t\t\t<\/div>\n\t\t<\/div>\n\t\t\t\t\t<\/div>\n\t\t<\/section>\n\t\t\t\t<section class=\"elementor-section elementor-top-section elementor-element elementor-element-793a7c8 elementor-section-boxed elementor-section-height-default elementor-section-height-default\" data-id=\"793a7c8\" data-element_type=\"section\" data-e-type=\"section\">\n\t\t\t\t\t\t<div class=\"elementor-container elementor-column-gap-default\">\n\t\t\t\t\t<div class=\"elementor-column elementor-col-100 elementor-top-column elementor-element elementor-element-15d0b55\" data-id=\"15d0b55\" data-element_type=\"column\" data-e-type=\"column\">\n\t\t\t<div class=\"elementor-widget-wrap elementor-element-populated\">\n\t\t\t\t\t\t<div class=\"elementor-element elementor-element-bd6e04d elementor-widget elementor-widget-image\" data-id=\"bd6e04d\" data-element_type=\"widget\" data-e-type=\"widget\" data-widget_type=\"image.default\">\n\t\t\t\t<div class=\"elementor-widget-container\">\n\t\t\t\t\t\t\t\t\t\t\t\t\t\t\t<img fetchpriority=\"high\" decoding=\"async\" width=\"2048\" height=\"1365\" src=\"https:\/\/sarahguetta.com\/wp-content\/uploads\/2024\/02\/IMG_6630-2048x1365.jpg\" class=\"attachment-2048x2048 size-2048x2048 wp-image-2989\" alt=\"\" srcset=\"https:\/\/sarahguetta.com\/wp-content\/uploads\/2024\/02\/IMG_6630-2048x1365.jpg 2048w, https:\/\/sarahguetta.com\/wp-content\/uploads\/2024\/02\/IMG_6630-300x200.jpg 300w, https:\/\/sarahguetta.com\/wp-content\/uploads\/2024\/02\/IMG_6630-1024x683.jpg 1024w, https:\/\/sarahguetta.com\/wp-content\/uploads\/2024\/02\/IMG_6630-768x512.jpg 768w, https:\/\/sarahguetta.com\/wp-content\/uploads\/2024\/02\/IMG_6630-1536x1024.jpg 1536w, https:\/\/sarahguetta.com\/wp-content\/uploads\/2024\/02\/IMG_6630-18x12.jpg 18w\" sizes=\"(max-width: 2048px) 100vw, 2048px\" \/>\t\t\t\t\t\t\t\t\t\t\t\t\t\t\t<\/div>\n\t\t\t\t<\/div>\n\t\t\t\t<div class=\"elementor-element elementor-element-9cac264 elementor-widget elementor-widget-text-editor\" data-id=\"9cac264\" data-element_type=\"widget\" data-e-type=\"widget\" data-widget_type=\"text-editor.default\">\n\t\t\t\t<div class=\"elementor-widget-container\">\n\t\t\t\t\t\t\t\t\t<h1>4 questions \u00e0 Sarah Guetta sur sa ligne de soins naturels pour les cheveux Tchik Tchak<\/h1><h2>Comment l&rsquo;id\u00e9e de cr\u00e9er des produits capillaires vous est-elle venue ?<\/h2><p>J&rsquo;ai toujours souhait\u00e9, avec un brin de nostalgie, retrouver la magie de la lotion pour cheveux avec laquelle se frictionnait mon p\u00e8re en guise de shampoing tous les matins. \u00c0 l&rsquo;\u00e9poque, on ne se lavait pas souvent les cheveux, m\u00eame apr\u00e8s une coupe chez le coiffeur : la friction \u00e9tait un rituel immuable.<\/p><p>L&rsquo;eau essentielle Tchik Tchak No Shampoo de ma ligne de soins capillaires est donc partie de l\u00e0.<\/p><p>Ensuite, j&rsquo;ai imagin\u00e9 3 autres produits dans la m\u00eame veine : shampoing, masque, s\u00e9rum au doux parfum de la fleur d&rsquo;oranger de mon enfance et \u00e0 la texture chantilly. J&rsquo;ai voulu proposer avec la gamme Tchik Tchak des produits \u00e0 base d&rsquo;ingr\u00e9dients naturels, vegan, non test\u00e9s sur les animaux et Made in France tout en y recr\u00e9ant mes secrets de stars. Les couleurs vives de son packaging cassent les codes traditionnels et expriment un bien-\u00eatre rempli de bonnes \u00e9nergies.<\/p><h2>Le nom de votre ligne est Tchik Tchak. Que veut-il connoter ?<\/h2><p>Tchik Tchak est une expression qui se comprend dans toutes les langues du monde, pour \u00e9voquer la rapidit\u00e9 et l&rsquo;efficacit\u00e9. Elle signifie aussi qu&rsquo;on peut obtenir un effet grand salon en un temps Tchik Tchak.<\/p><h2>Tchik Tchak No Shampoo est votre produit phare. Pourquoi est-il \u00ab\u00a0unique en son genre\u00a0\u00bb ?<\/h2><p>Parce qu&rsquo;il n&rsquo;en existe pas de similaire. C&rsquo;est une \u00ab\u00a0eau essentielle\u00a0\u00bb, destin\u00e9e \u00e0 purifier et nourrir le cuir chevelu et \u00e0 rendre coiffables les cheveux rapidement en pr\u00e9servant leur volume et leur brillance. \u00ab\u00a0Ceci n&rsquo;est pas un shampoing\u00a0\u00bb : ni liquide, ni sec.<\/p><p>Tout comme notre corps, notre cuir chevelu a besoin d&rsquo;\u00eatre hydrat\u00e9. No Shampoo Tchik Tchak int\u00e8gre une eau essentielle qui stimule et r\u00e9veille la partie vivante du cuir chevelu, situ\u00e9e dans sa couche superficielle et jamais trait\u00e9e. Le cuir chevelu, riche en glandes s\u00e9bac\u00e9es et responsable de la s\u00e9cr\u00e9tion de sueur et de la perte d&rsquo;eau, n\u00e9cessite une hydratation optimale pour maintenir sa souplesse et son \u00e9lasticit\u00e9.<\/p><p>No Shampoo Tchik Tchak est une formule unique qui apporte cette hydratation n\u00e9cessaire. Parce que le temps est pr\u00e9cieux, la ligne \u00ab\u00a0Tchik Tchak\u00a0\u00bb propose des produits aux r\u00e9sultats imm\u00e9diats. Par exemple, les vernis gel s\u00e8chent rapidement sous lampe. De m\u00eame, l&rsquo;eau essentielle No shampoo Tchik Tchak s\u00e8che \u00e0 l&rsquo;air libre, apr\u00e8s la friction au bout de 5 \u00e0 7 minutes offrant une solution pratique pour vaquer \u00e0 ses occupations sans attendre. Parfum\u00e9 aux agrumes, No Shampoo procure fraicheur et bien-\u00eatre.<\/p><p>Entre deux shampoings traditionnels, No Shampoo est le nouveau produit nomade \u00ab\u00a0r\u00e9volutionnaire\u00a0\u00bb destin\u00e9 \u00e0 tout le monde. Et notamment : aux personnes adeptes des lavages trop fr\u00e9quents, aux sportifs, aux s\u00e9niors, aux ados et \u00e0 nos artistes nomades\u2026 pour ne citer qu&rsquo;eux.<\/p><h2>Quelles sont les particularit\u00e9s des autres produits de la gamme ?<\/h2><p>Ils ont une efficacit\u00e9 visible \u00e0 l&rsquo;\u0153il nu, rendent les cheveux a\u00e9riens et brillants, le brushing se r\u00e9v\u00e9lant parfois superflu.<\/p><ul><li>Le <strong>shampoing Chantilly Tchik Tchak by Sarah Guetta<\/strong>. C&rsquo;est un shampoing \u00e0 la texture cr\u00e9meuse et fra\u00eeche qu&rsquo;on peut doser dans la paume de sa main. Sans silicone, sans sulfates, avec une mousse peu abondante qui se r\u00e9v\u00e8le effervescente au contact de l&rsquo;eau, il tient toutes ses promesses dans un sillage de fleur d&rsquo;oranger.<\/li><li>La <strong>cr\u00e8me masque Chantilly Tchik Tchak by Sarah Guetta<\/strong>. Une formule riche pour nourrir le cheveu apr\u00e8s le shampoing \u00e0 rincer ou \u00e0 utiliser sans rin\u00e7age pour un effet mouill\u00e9. Un masque agr\u00e9able par son parfum de fleur d&rsquo;oranger et son efficacit\u00e9 subtile qui laisse le cheveu a\u00e9rien. Attention : de par sa texture, ce masque est moussant.<\/li><li>Le <strong>s\u00e9rum Chantilly Tchik Tchak by Sarah Guetta<\/strong>. Le s\u00e9rum se pr\u00e9sente \u00e9galement en texture chantilly. C&rsquo;est un produit de finition \u00e0 appliquer en commen\u00e7ant par les pointes. Il se laisse bien manier par les non professionnels. Non collant, il aide \u00e0 r\u00e9parer les fourches dues \u00e0 l&rsquo;humidit\u00e9, lisse le cheveu rebelle et sublime les bienfaits du duo shampoing-masque.<\/li><\/ul>\t\t\t\t\t\t\t\t<\/div>\n\t\t\t\t<\/div>\n\t\t\t\t\t<\/div>\n\t\t<\/div>\n\t\t\t\t\t<\/div>\n\t\t<\/section>\n\t\t\t\t<\/div>\n\t\t","protected":false},"excerpt":{"rendered":"<p>L&rsquo;interview de Sarah Sarah Guetta, \u00e9minente coiffeuse du cin\u00e9ma, d\u00e9voile aujourd&rsquo;hui sa ligne de produits capillaires \u00ab Tchik Tchak \u00bb, une innovation marquante dans l&rsquo;univers de la beaut\u00e9.\u00a0 Cette gamme, enti\u00e8rement naturelle, vegan et fabriqu\u00e9e en France, est le fruit de sa collaboration avec des chimistes de renom. La collection \u00ab Tchik Tchak \u00bb comprend [&hellip;]<\/p>\n","protected":false},"author":1,"featured_media":2917,"parent":0,"menu_order":0,"comment_status":"closed","ping_status":"closed","template":"","meta":{"_monsterinsights_skip_tracking":false,"_monsterinsights_sitenote_active":false,"_monsterinsights_sitenote_note":"","_monsterinsights_sitenote_category":0,"_themeisle_gutenberg_block_has_review":false,"footnotes":""},"class_list":["post-392","page","type-page","status-publish","has-post-thumbnail","hentry"],"yoast_head":"<!-- This site is optimized with the Yoast SEO plugin v27.4 - https:\/\/yoast.com\/product\/yoast-seo-wordpress\/ -->\n<title>Interview - Sarah Guetta<\/title>\n<meta name=\"description\" content=\"D\u00e9couvrez &quot;Tchik Tchak&quot; par Sarah Guetta: ligne capillaire naturelle, vegan, Made in France, incluant le unique NO Shampoo.\" \/>\n<meta name=\"robots\" content=\"index, follow, max-snippet:-1, max-image-preview:large, max-video-preview:-1\" \/>\n<link rel=\"canonical\" href=\"https:\/\/sarahguetta.com\/fr\/interview\" \/>\n<meta property=\"og:locale\" content=\"fr_FR\" \/>\n<meta property=\"og:type\" content=\"article\" \/>\n<meta property=\"og:title\" content=\"Interview - Sarah Guetta\" \/>\n<meta property=\"og:description\" content=\"D\u00e9couvrez &quot;Tchik Tchak&quot; par Sarah Guetta: ligne capillaire naturelle, vegan, Made in France, incluant le unique NO Shampoo.\" \/>\n<meta property=\"og:url\" content=\"https:\/\/sarahguetta.com\/fr\/interview\" \/>\n<meta property=\"og:site_name\" content=\"Sarah Guetta\" \/>\n<meta property=\"article:modified_time\" content=\"2024-02-04T18:11:44+00:00\" \/>\n<meta property=\"og:image\" content=\"http:\/\/sarahguetta.com\/wp-content\/uploads\/2024\/02\/DSC_8290-ModifierG-scaled.jpg\" \/>\n\t<meta property=\"og:image:width\" content=\"2560\" \/>\n\t<meta property=\"og:image:height\" content=\"1707\" \/>\n\t<meta property=\"og:image:type\" content=\"image\/jpeg\" \/>\n<meta name=\"twitter:card\" content=\"summary_large_image\" \/>\n<meta name=\"twitter:label1\" content=\"Dur\u00e9e de lecture estim\u00e9e\" \/>\n\t<meta name=\"twitter:data1\" content=\"5 minutes\" \/>\n<script type=\"application\/ld+json\" class=\"yoast-schema-graph\">{\"@context\":\"https:\\\/\\\/schema.org\",\"@graph\":[{\"@type\":\"WebPage\",\"@id\":\"https:\\\/\\\/sarahguetta.com\\\/fr\\\/interview\",\"url\":\"https:\\\/\\\/sarahguetta.com\\\/fr\\\/interview\",\"name\":\"Interview - Sarah Guetta\",\"isPartOf\":{\"@id\":\"https:\\\/\\\/sarahguetta.com\\\/#website\"},\"primaryImageOfPage\":{\"@id\":\"https:\\\/\\\/sarahguetta.com\\\/fr\\\/interview#primaryimage\"},\"image\":{\"@id\":\"https:\\\/\\\/sarahguetta.com\\\/fr\\\/interview#primaryimage\"},\"thumbnailUrl\":\"https:\\\/\\\/sarahguetta.com\\\/wp-content\\\/uploads\\\/2024\\\/02\\\/DSC_8290-ModifierG-scaled.jpg\",\"datePublished\":\"2023-08-22T12:00:29+00:00\",\"dateModified\":\"2024-02-04T18:11:44+00:00\",\"description\":\"D\u00e9couvrez \\\"Tchik Tchak\\\" par Sarah Guetta: ligne capillaire naturelle, vegan, Made in France, incluant le unique NO Shampoo.\",\"breadcrumb\":{\"@id\":\"https:\\\/\\\/sarahguetta.com\\\/fr\\\/interview#breadcrumb\"},\"inLanguage\":\"fr-FR\",\"potentialAction\":[{\"@type\":\"ReadAction\",\"target\":[\"https:\\\/\\\/sarahguetta.com\\\/fr\\\/interview\"]}]},{\"@type\":\"ImageObject\",\"inLanguage\":\"fr-FR\",\"@id\":\"https:\\\/\\\/sarahguetta.com\\\/fr\\\/interview#primaryimage\",\"url\":\"https:\\\/\\\/sarahguetta.com\\\/wp-content\\\/uploads\\\/2024\\\/02\\\/DSC_8290-ModifierG-scaled.jpg\",\"contentUrl\":\"https:\\\/\\\/sarahguetta.com\\\/wp-content\\\/uploads\\\/2024\\\/02\\\/DSC_8290-ModifierG-scaled.jpg\",\"width\":2560,\"height\":1707},{\"@type\":\"BreadcrumbList\",\"@id\":\"https:\\\/\\\/sarahguetta.com\\\/fr\\\/interview#breadcrumb\",\"itemListElement\":[{\"@type\":\"ListItem\",\"position\":1,\"name\":\"Home\",\"item\":\"https:\\\/\\\/sarahguetta.com\\\/\"},{\"@type\":\"ListItem\",\"position\":2,\"name\":\"Interview\"}]},{\"@type\":\"WebSite\",\"@id\":\"https:\\\/\\\/sarahguetta.com\\\/#website\",\"url\":\"https:\\\/\\\/sarahguetta.com\\\/\",\"name\":\"Sarah Guetta\",\"description\":\"\",\"publisher\":{\"@id\":\"https:\\\/\\\/sarahguetta.com\\\/#organization\"},\"potentialAction\":[{\"@type\":\"SearchAction\",\"target\":{\"@type\":\"EntryPoint\",\"urlTemplate\":\"https:\\\/\\\/sarahguetta.com\\\/?s={search_term_string}\"},\"query-input\":{\"@type\":\"PropertyValueSpecification\",\"valueRequired\":true,\"valueName\":\"search_term_string\"}}],\"inLanguage\":\"fr-FR\"},{\"@type\":\"Organization\",\"@id\":\"https:\\\/\\\/sarahguetta.com\\\/#organization\",\"name\":\"Sarah Guetta\",\"url\":\"https:\\\/\\\/sarahguetta.com\\\/\",\"logo\":{\"@type\":\"ImageObject\",\"inLanguage\":\"fr-FR\",\"@id\":\"https:\\\/\\\/sarahguetta.com\\\/#\\\/schema\\\/logo\\\/image\\\/\",\"url\":\"https:\\\/\\\/sarahguetta.com\\\/wp-content\\\/uploads\\\/2023\\\/08\\\/logo-SG.png\",\"contentUrl\":\"https:\\\/\\\/sarahguetta.com\\\/wp-content\\\/uploads\\\/2023\\\/08\\\/logo-SG.png\",\"width\":228,\"height\":50,\"caption\":\"Sarah Guetta\"},\"image\":{\"@id\":\"https:\\\/\\\/sarahguetta.com\\\/#\\\/schema\\\/logo\\\/image\\\/\"}}]}<\/script>\n<!-- \/ Yoast SEO plugin. -->","yoast_head_json":{"title":"Interview - Sarah Guetta","description":"D\u00e9couvrez \"Tchik Tchak\" par Sarah Guetta: ligne capillaire naturelle, vegan, Made in France, incluant le unique NO Shampoo.","robots":{"index":"index","follow":"follow","max-snippet":"max-snippet:-1","max-image-preview":"max-image-preview:large","max-video-preview":"max-video-preview:-1"},"canonical":"https:\/\/sarahguetta.com\/fr\/interview","og_locale":"fr_FR","og_type":"article","og_title":"Interview - Sarah Guetta","og_description":"D\u00e9couvrez \"Tchik Tchak\" par Sarah Guetta: ligne capillaire naturelle, vegan, Made in France, incluant le unique NO Shampoo.","og_url":"https:\/\/sarahguetta.com\/fr\/interview","og_site_name":"Sarah Guetta","article_modified_time":"2024-02-04T18:11:44+00:00","og_image":[{"width":2560,"height":1707,"url":"http:\/\/sarahguetta.com\/wp-content\/uploads\/2024\/02\/DSC_8290-ModifierG-scaled.jpg","type":"image\/jpeg"}],"twitter_card":"summary_large_image","twitter_misc":{"Dur\u00e9e de lecture estim\u00e9e":"5 minutes"},"schema":{"@context":"https:\/\/schema.org","@graph":[{"@type":"WebPage","@id":"https:\/\/sarahguetta.com\/fr\/interview","url":"https:\/\/sarahguetta.com\/fr\/interview","name":"Interview - Sarah Guetta","isPartOf":{"@id":"https:\/\/sarahguetta.com\/#website"},"primaryImageOfPage":{"@id":"https:\/\/sarahguetta.com\/fr\/interview#primaryimage"},"image":{"@id":"https:\/\/sarahguetta.com\/fr\/interview#primaryimage"},"thumbnailUrl":"https:\/\/sarahguetta.com\/wp-content\/uploads\/2024\/02\/DSC_8290-ModifierG-scaled.jpg","datePublished":"2023-08-22T12:00:29+00:00","dateModified":"2024-02-04T18:11:44+00:00","description":"D\u00e9couvrez \"Tchik Tchak\" par Sarah Guetta: ligne capillaire naturelle, vegan, Made in France, incluant le unique NO Shampoo.","breadcrumb":{"@id":"https:\/\/sarahguetta.com\/fr\/interview#breadcrumb"},"inLanguage":"fr-FR","potentialAction":[{"@type":"ReadAction","target":["https:\/\/sarahguetta.com\/fr\/interview"]}]},{"@type":"ImageObject","inLanguage":"fr-FR","@id":"https:\/\/sarahguetta.com\/fr\/interview#primaryimage","url":"https:\/\/sarahguetta.com\/wp-content\/uploads\/2024\/02\/DSC_8290-ModifierG-scaled.jpg","contentUrl":"https:\/\/sarahguetta.com\/wp-content\/uploads\/2024\/02\/DSC_8290-ModifierG-scaled.jpg","width":2560,"height":1707},{"@type":"BreadcrumbList","@id":"https:\/\/sarahguetta.com\/fr\/interview#breadcrumb","itemListElement":[{"@type":"ListItem","position":1,"name":"Home","item":"https:\/\/sarahguetta.com\/"},{"@type":"ListItem","position":2,"name":"Interview"}]},{"@type":"WebSite","@id":"https:\/\/sarahguetta.com\/#website","url":"https:\/\/sarahguetta.com\/","name":"Sarah Guetta","description":"","publisher":{"@id":"https:\/\/sarahguetta.com\/#organization"},"potentialAction":[{"@type":"SearchAction","target":{"@type":"EntryPoint","urlTemplate":"https:\/\/sarahguetta.com\/?s={search_term_string}"},"query-input":{"@type":"PropertyValueSpecification","valueRequired":true,"valueName":"search_term_string"}}],"inLanguage":"fr-FR"},{"@type":"Organization","@id":"https:\/\/sarahguetta.com\/#organization","name":"Sarah Guetta","url":"https:\/\/sarahguetta.com\/","logo":{"@type":"ImageObject","inLanguage":"fr-FR","@id":"https:\/\/sarahguetta.com\/#\/schema\/logo\/image\/","url":"https:\/\/sarahguetta.com\/wp-content\/uploads\/2023\/08\/logo-SG.png","contentUrl":"https:\/\/sarahguetta.com\/wp-content\/uploads\/2023\/08\/logo-SG.png","width":228,"height":50,"caption":"Sarah Guetta"},"image":{"@id":"https:\/\/sarahguetta.com\/#\/schema\/logo\/image\/"}}]}},"_links":{"self":[{"href":"https:\/\/sarahguetta.com\/fr\/wp-json\/wp\/v2\/pages\/392","targetHints":{"allow":["GET"]}}],"collection":[{"href":"https:\/\/sarahguetta.com\/fr\/wp-json\/wp\/v2\/pages"}],"about":[{"href":"https:\/\/sarahguetta.com\/fr\/wp-json\/wp\/v2\/types\/page"}],"author":[{"embeddable":true,"href":"https:\/\/sarahguetta.com\/fr\/wp-json\/wp\/v2\/users\/1"}],"replies":[{"embeddable":true,"href":"https:\/\/sarahguetta.com\/fr\/wp-json\/wp\/v2\/comments?post=392"}],"version-history":[{"count":246,"href":"https:\/\/sarahguetta.com\/fr\/wp-json\/wp\/v2\/pages\/392\/revisions"}],"predecessor-version":[{"id":2996,"href":"https:\/\/sarahguetta.com\/fr\/wp-json\/wp\/v2\/pages\/392\/revisions\/2996"}],"wp:featuredmedia":[{"embeddable":true,"href":"https:\/\/sarahguetta.com\/fr\/wp-json\/wp\/v2\/media\/2917"}],"wp:attachment":[{"href":"https:\/\/sarahguetta.com\/fr\/wp-json\/wp\/v2\/media?parent=392"}],"curies":[{"name":"wp","href":"https:\/\/api.w.org\/{rel}","templated":true}]}}